{"id":1246250,"date":"2022-04-27T15:07:31","date_gmt":"2022-04-27T13:07:31","guid":{"rendered":"http:\/\/medicalis.igs-preprod.ch\/?page_id=1246250"},"modified":"2023-02-28T13:55:06","modified_gmt":"2023-02-28T12:55:06","slug":"unsere-kompetenzen","status":"publish","type":"page","link":"https:\/\/www.medicalis.ch\/de\/unsere-kompetenzen\/","title":{"rendered":"Unser Know-how im Bereich Humanressourcen"},"content":{"rendered":"<div><ss3-force-full-width data-overflow-x=\"body\" data-horizontal-selector=\"\"><div class=\"n2-section-smartslider fitvidsignore \" data-ssid=\"16\" tabindex=\"0\" role=\"region\" aria-label=\"Diaporama\"><div id=\"n2-ss-16-align\" class=\"n2-ss-align\"><div class=\"n2-padding\"><div id=\"n2-ss-16\" data-creator=\"Smart Slider 3\" data-responsive=\"fullwidth\" class=\"n2-ss-slider n2-ow n2-has-hover n2notransition  \">\n\n\n\n\n\n\n\n\n\n<div class=\"n2-ss-slider-wrapper-inside\">\n        <div class=\"n2-ss-slider-1 n2_ss__touch_element n2-ow\">\n            <div class=\"n2-ss-slider-2 n2-ow\">\n                                                <div class=\"n2-ss-slider-3 n2-ow\">\n\n                    <div class=\"n2-ss-slide-backgrounds n2-ow-all\"><div class=\"n2-ss-slide-background\" data-public-id=\"1\" data-mode=\"fill\"><div class=\"n2-ss-slide-background-image\" data-blur=\"0\" data-opacity=\"100\" data-x=\"50\" data-y=\"15\" data-alt=\"\" data-title=\"\" style=\"--ss-o-pos-y:15%\"><picture class=\"skip-lazy\" data-skip-lazy=\"1\"><img decoding=\"async\" src=\"\/\/www.medicalis.ch\/wp-content\/uploads\/slider16\/istock-519434630_super-scaled3.jpg\" alt=\"\" title=\"\" loading=\"lazy\" class=\"skip-lazy\" data-skip-lazy=\"1\"><\/picture><\/div><div data-color=\"RGBA(255,255,255,0)\" style=\"background-color: RGBA(255,255,255,0);\" class=\"n2-ss-slide-background-color\"><\/div><\/div><div class=\"n2-ss-slide-background\" data-public-id=\"2\" data-mode=\"fill\"><div class=\"n2-ss-slide-background-image\" data-blur=\"0\" data-opacity=\"100\" data-x=\"50\" data-y=\"25\" data-alt=\"\" data-title=\"\" style=\"--ss-o-pos-y:25%\"><picture class=\"skip-lazy\" data-skip-lazy=\"1\"><img decoding=\"async\" src=\"\/\/www.medicalis.ch\/wp-content\/uploads\/slider16\/istock-694389880_super2.jpg\" alt=\"\" title=\"\" loading=\"lazy\" class=\"skip-lazy\" data-skip-lazy=\"1\"><\/picture><\/div><div data-color=\"RGBA(255,255,255,0)\" style=\"background-color: RGBA(255,255,255,0);\" class=\"n2-ss-slide-background-color\"><\/div><\/div><div class=\"n2-ss-slide-background\" data-public-id=\"3\" data-mode=\"fill\"><div class=\"n2-ss-slide-background-image\" data-blur=\"0\" data-opacity=\"100\" data-x=\"50\" data-y=\"40\" data-alt=\"\" data-title=\"\" style=\"--ss-o-pos-y:40%\"><picture class=\"skip-lazy\" data-skip-lazy=\"1\"><img decoding=\"async\" src=\"\/\/www.medicalis.ch\/wp-content\/uploads\/slider16\/istock-690369392_super2.jpg\" alt=\"\" title=\"\" loading=\"lazy\" class=\"skip-lazy\" data-skip-lazy=\"1\"><\/picture><\/div><div data-color=\"RGBA(255,255,255,0)\" style=\"background-color: RGBA(255,255,255,0);\" class=\"n2-ss-slide-background-color\"><\/div><\/div><\/div>                    <div class=\"n2-ss-slider-4 n2-ow\">\n                        <svg xmlns=\"http:\/\/www.w3.org\/2000\/svg\" viewBox=\"0 0 1200 850\" data-related-device=\"desktopPortrait\" class=\"n2-ow n2-ss-preserve-size n2-ss-preserve-size--slider n2-ss-slide-limiter\"><\/svg><div data-first=\"1\" data-slide-duration=\"0\" data-id=\"44\" data-slide-public-id=\"1\" data-title=\"Unsere Kompetenzen\" class=\"n2-ss-slide n2-ow  n2-ss-slide-44\"><div role=\"note\" class=\"n2-ss-slide--focus\" tabindex=\"-1\">Unsere Kompetenzen<\/div><div class=\"n2-ss-layers-container n2-ss-slide-limiter n2-ow\"><div class=\"n2-ss-layer n2-ow n-uc-MbsLk8W7Hxa7\" data-sstype=\"slide\" data-pm=\"default\"><div class=\"n2-ss-layer n2-ow n-uc-Zypmsx53VBUX n2-ss-layer--need-height\" data-pm=\"absolute\" data-responsiveposition=\"1\" data-desktopportraitleft=\"0\" data-mobileportraitleft=\"0\" data-desktopportraittop=\"0\" data-mobileportraittop=\"0\" data-responsivesize=\"1\" data-desktopportraitwidth=\"150\" data-mobileportraitwidth=\"100%\" data-desktopportraitheight=\"150\" data-mobileportraitheight=\"100%\" data-desktopportraitalign=\"center\" data-mobileportraitalign=\"left\" data-desktopportraitvalign=\"middle\" data-mobileportraitvalign=\"top\" data-parentid=\"\" data-desktopportraitparentalign=\"center\" data-desktopportraitparentvalign=\"middle\" data-hidedesktopportrait=\"1\" data-hidetabletportrait=\"1\" data-sstype=\"layer\"><div class=\"n2-ss-item-content n2-ow\" style=\"background-color: #000000;background-color: RGBA(0,0,0,0.24);height:100%;\"><\/div><\/div><div class=\"n2-ss-layer n2-ow n-uc-P6DvI3lTY2YP\" data-pm=\"default\" data-sstype=\"content\" data-hasbackground=\"0\"><div class=\"n2-ss-section-main-content n2-ss-layer-with-background n2-ss-layer-content n2-ow n-uc-P6DvI3lTY2YP-inner\"><div class=\"n2-ss-layer n2-ow n2-ss-layer--block n2-ss-has-self-align n-uc-n8TeDqIibzmY\" data-pm=\"normal\" data-sstype=\"row\"><div class=\"n2-ss-layer-row n2-ss-layer-with-background n-uc-n8TeDqIibzmY-inner\"><div class=\"n2-ss-layer-row-inner \"><div class=\"n2-ss-layer n2-ow n-uc-tG2XxIA3hxtc\" data-pm=\"default\" data-sstype=\"col\"><div class=\"n2-ss-layer-col n2-ss-layer-with-background n2-ss-layer-content n-uc-tG2XxIA3hxtc-inner\"><div class=\"n2-ss-layer n2-ow n-uc-ybP7WD4oZq5p\" data-pm=\"normal\" data-sstype=\"layer\"><h1 id=\"n2-ss-16item2\" class=\"n2-font-348af122267adda7b856ff32beb55b14-hover   n2-ss-item-content n2-ss-text n2-ow\" style=\"display:block;\">Unser Know-how im Bereich Humanressourcen<\/h1><\/div><div class=\"n2-ss-layer n2-ow n-uc-8B5VZkHqwPaS\" data-pm=\"normal\" data-sstype=\"layer\"><\/div><div class=\"n2-ss-layer n2-ow n-uc-6M1jDyvfo4Ou\" data-pm=\"normal\" data-sstype=\"layer\"><div class=\"n2-ss-item-content n2-ss-text n2-ow-all\"><div class=\"\"><p class=\"n2-font-48e36547f9e16680dbda99b36f640b91-paragraph   \">Medicalis geh\u00f6rt zur <a class=\"themecolor\" href=\"https:\/\/www.interiman-group.ch\" target=\"_blank\">INTERIMAN GROUP<\/a>, einer Gruppe verschiedener Spezialunternehmen im Personalwesen. Die Schweizer Gruppe besteht seit mehr als 20 Jahren und geh\u00f6rt zu den f\u00fchrenden Unternehmen in ihrem Bereich.<\/p>\n<p class=\"n2-font-48e36547f9e16680dbda99b36f640b91-paragraph   \">Wir wachsen mit einer der st\u00e4rksten Raten der Branche. Unser Erfolg basiert auf dem t\u00e4glichen Engagement unserer internen und Tempor\u00e4rmitarbeiter sowie der konstanten Entwicklung von flexiblen und innovativen L\u00f6sungen. Unser Motto \u201eMit Leidenschaft f\u00fcr Ihren Erfolg\u201c zeigt sich jeden Tag in der Arbeit unserer 62 spezialisierten Agenturen \u00fcberall in der Schweiz.<\/p>\n<\/div><\/div><\/div><\/div><\/div><\/div><\/div><\/div><\/div><\/div><\/div><\/div><img decoding=\"async\" loading=\"lazy\" class=\"n2-ss-slide-thumbnail skip-lazy\" data-skip-lazy=\"1\" src=\"\/\/www.medicalis.ch\/wp-content\/uploads\/slider16\/istock-519434630_super-scaled3.jpg\" alt=\"Unsere Kompetenzen\"><\/div><div data-slide-duration=\"0\" data-id=\"45\" data-slide-public-id=\"2\" data-title=\"Starkes Engagement unserer Berater\" class=\"n2-ss-slide n2-ow  n2-ss-slide-45\"><div role=\"note\" class=\"n2-ss-slide--focus\" tabindex=\"-1\">Starkes Engagement unserer Berater<\/div><div class=\"n2-ss-layers-container n2-ss-slide-limiter n2-ow\"><div class=\"n2-ss-layer n2-ow n-uc-vk7tgpQeXxFu\" data-sstype=\"slide\" data-pm=\"default\"><div class=\"n2-ss-layer n2-ow 77 n-uc-sCMLbVTDrFVJ n2-ss-layer--need-height\" data-pm=\"absolute\" data-responsiveposition=\"1\" data-desktopportraitleft=\"0\" data-mobileportraitleft=\"0\" data-desktopportraittop=\"0\" data-mobileportraittop=\"0\" data-responsivesize=\"1\" data-desktopportraitwidth=\"auto\" data-mobileportraitwidth=\"100%\" data-desktopportraitheight=\"150\" data-mobileportraitheight=\"100%\" data-desktopportraitalign=\"center\" data-mobileportraitalign=\"left\" data-desktopportraitvalign=\"middle\" data-mobileportraitvalign=\"top\" data-parentid=\"\" data-desktopportraitparentalign=\"center\" data-desktopportraitparentvalign=\"middle\" data-hidedesktopportrait=\"1\" data-hidetabletportrait=\"1\" data-sstype=\"layer\"><div class=\"n2-ss-item-content n2-ow\" style=\"background-color: #000000;background-color: RGBA(0,0,0,0.56);height:100%;\"><\/div><\/div><div class=\"n2-ss-layer n2-ow n-uc-2TN17wZD9RpS\" data-pm=\"default\" data-sstype=\"content\" data-hasbackground=\"0\"><div class=\"n2-ss-section-main-content n2-ss-layer-with-background n2-ss-layer-content n2-ow n-uc-2TN17wZD9RpS-inner\"><div class=\"n2-ss-layer n2-ow n2-ss-layer--block n2-ss-has-self-align n-uc-lov1XdiEiltn\" data-pm=\"normal\" data-sstype=\"row\"><div class=\"n2-ss-layer-row n2-ss-layer-with-background n-uc-lov1XdiEiltn-inner\"><div class=\"n2-ss-layer-row-inner \"><div class=\"n2-ss-layer n2-ow n-uc-RnpaGzsWshlh\" data-pm=\"default\" data-sstype=\"col\"><div class=\"n2-ss-layer-col n2-ss-layer-with-background n2-ss-layer-content n-uc-RnpaGzsWshlh-inner\"><div class=\"n2-ss-layer n2-ow n-uc-CpBiNM2EHU27\" data-pm=\"normal\" data-sstype=\"layer\"><h2 id=\"n2-ss-16item6\" class=\"n2-font-348af122267adda7b856ff32beb55b14-hover   n2-ss-item-content n2-ss-text n2-ow\" style=\"display:block;\">Starkes Engagement unserer Berater<\/h2><\/div><div class=\"n2-ss-layer n2-ow n-uc-bEQAMnIux1zr\" data-pm=\"normal\" data-sstype=\"layer\"><\/div><div class=\"n2-ss-layer n2-ow n-uc-Dn4x7YDqEYK0\" data-pm=\"normal\" data-sstype=\"layer\"><div class=\"n2-ss-item-content n2-ss-text n2-ow-all\"><div class=\"\"><p class=\"n2-font-7b981e57afab2cde2a01b0725797f99b-paragraph   \">Unsere reaktionsfreudigen und pragmatischen Berater bieten Ihnen einen erstklassigen Service mit Blick f\u00fcrs Detail. Wir bevorzugen<br \/>\neinen Beratungs-Ansatz, der darauf basiert, dass wir auf Ihre Bed\u00fcrfnisse und die Bed\u00fcrfnisse der Kandidaten eingehen. Unsere Berater entwickeln Win-Win-Beziehungen, die es Ihnen und den Kandidaten erm\u00f6glichen, voran zu kommen.<\/p>\n<\/div><\/div><\/div><\/div><\/div><\/div><\/div><\/div><\/div><\/div><\/div><\/div><img decoding=\"async\" loading=\"lazy\" class=\"n2-ss-slide-thumbnail skip-lazy\" data-skip-lazy=\"1\" src=\"\/\/www.medicalis.ch\/wp-content\/uploads\/slider16\/istock-694389880_super2.jpg\" alt=\"Starkes Engagement unserer Berater\"><\/div><div data-slide-duration=\"0\" data-id=\"46\" data-slide-public-id=\"3\" data-title=\"Expertenwissen Ihrer Branche\" class=\"n2-ss-slide n2-ow  n2-ss-slide-46\"><div role=\"note\" class=\"n2-ss-slide--focus\" tabindex=\"-1\">Expertenwissen Ihrer Branche<\/div><div class=\"n2-ss-layers-container n2-ss-slide-limiter n2-ow\"><div class=\"n2-ss-layer n2-ow n-uc-hZ6WGEMpMWPg\" data-sstype=\"slide\" data-pm=\"default\"><div class=\"n2-ss-layer n2-ow n-uc-Wxh6Q7yyutwN\" data-pm=\"default\" data-sstype=\"content\" data-hasbackground=\"0\"><div class=\"n2-ss-section-main-content n2-ss-layer-with-background n2-ss-layer-content n2-ow n-uc-Wxh6Q7yyutwN-inner\"><div class=\"n2-ss-layer n2-ow n2-ss-layer--block n2-ss-has-self-align n-uc-jQMwfUKQPyUa\" data-pm=\"normal\" data-sstype=\"row\"><div class=\"n2-ss-layer-row n2-ss-layer-with-background n-uc-jQMwfUKQPyUa-inner\"><div class=\"n2-ss-layer-row-inner \"><div class=\"n2-ss-layer n2-ow n-uc-bb74tCdOrPJz\" data-pm=\"default\" data-sstype=\"col\"><div class=\"n2-ss-layer-col n2-ss-layer-with-background n2-ss-layer-content n-uc-bb74tCdOrPJz-inner\"><div class=\"n2-ss-layer n2-ow n-uc-Z1hXTldVfAHW\" data-pm=\"normal\" data-sstype=\"layer\"><h2 id=\"n2-ss-16item9\" class=\"n2-font-348af122267adda7b856ff32beb55b14-hover   n2-ss-item-content n2-ss-text n2-ow\" style=\"display:block;\">Expertenwissen Ihrer Branche<\/h2><\/div><div class=\"n2-ss-layer n2-ow n-uc-pH9ArZVIpRti\" data-pm=\"normal\" data-sstype=\"layer\"><\/div><div class=\"n2-ss-layer n2-ow n-uc-jRMeNWill14m\" data-pm=\"normal\" data-sstype=\"layer\"><div class=\"n2-ss-item-content n2-ss-text n2-ow-all\"><div class=\"\"><p class=\"n2-font-7b981e57afab2cde2a01b0725797f99b-paragraph   \">Da sie Ihnen aufmerksam zuh\u00f6ren und sich gut in Ihrer Branche auskennen, sind unsere Berater in der Lage, den Kern Ihrer Anforderungen genau zu verstehen. Besser noch: Sie sind Experten in Ihrer Branche. Sie sprechen Ihre Sprache und kennen Ihr Gesch\u00e4ft in- und auswendig. Sie k\u00f6nnen Ihre Personalbed\u00fcrfnisse vorhersehen, wodurch Sie immer einen Schritt voraus sind.<\/p>\n<\/div><\/div><\/div><\/div><\/div><\/div><\/div><\/div><\/div><\/div><\/div><\/div><img decoding=\"async\" loading=\"lazy\" class=\"n2-ss-slide-thumbnail skip-lazy\" data-skip-lazy=\"1\" src=\"\/\/www.medicalis.ch\/wp-content\/uploads\/slider16\/istock-690369392_super2.jpg\" alt=\"Expertenwissen Ihrer Branche\"><\/div>                    <\/div>\n\n                                    <\/div>\n            <\/div>\n        <\/div>\n        <div class=\"n2-ss-slider-controls n2-ss-slider-controls-absolute-right-center\"><div style=\"--widget-offset:5px;\" class=\"n2-ss-widget n2-ss-control-bullet n2-ow-all n2-ss-control-bullet-vertical\" data-hide-mobilelandscape=\"1\" data-hide-mobileportrait=\"1\"><div class=\" nextend-bullet-bar n2-bar-justify-content-right\" role=\"group\" aria-label=\"Choose slide to display.\"><div class=\"n2-bullet n2-style-930f90988dde3f786a386188f7983ab0-dot n2-font-6f00b2620d327f05367ebae7cf6d93f0-dot \" style=\"visibility:hidden;\">&nbsp;<\/div><\/div><\/div><\/div><div class=\"n2-ss-slider-controls n2-ss-slider-controls-absolute-center-bottom\"><div style=\"--widget-offset:15px;\" class=\"n2-ss-widget nextend-arrow n2-ow-all nextend-arrow-next  nextend-arrow-animated-fade\" id=\"n2-ss-16-arrow-next\" role=\"button\" aria-label=\"next arrow\" tabindex=\"0\"><img loading=\"lazy\" decoding=\"async\" width=\"32\" height=\"32\" class=\"skip-lazy\" data-skip-lazy=\"1\" src=\"data:image\/svg+xml;base64,PHN2ZyB3aWR0aD0iMzIiIGhlaWdodD0iMzIiIHZpZXdCb3g9IjAgMCAzMiAzMiIgeG1sbnM9Imh0dHA6Ly93d3cudzMub3JnLzIwMDAvc3ZnIj4KICAgIDxwYXRoIGQ9Ik0yNy43IDkuMjkzYy0uMzkzLS4zOS0xLjAzLS4zOS0xLjQyIDBsLTEwLjI4NCAxMS4yOUw1LjcxNCA5LjI5M2MtLjM5Mi0uMzktMS4wMjgtLjM5LTEuNDIgMC0uMzkyLjQtLjM5MiAxLjA0IDAgMS40M2wxMC45NDMgMTIuMDFjLjIxLjIxLjQ4Ni4zLjc2LjI4LjI3My4wMi41NS0uMDcuNzYtLjI4TDI3LjcgMTAuNzIzYy4zOS0uMzkuMzktMS4wMyAwLTEuNDMiCiAgICAgICAgICBmaWxsPSIjZmZmZmZmIiBvcGFjaXR5PSIwLjgiIGZpbGwtcnVsZT0iZXZlbm9kZCIvPgo8L3N2Zz4=\" alt=\"next arrow\"><\/div><\/div><\/div><\/div><ss3-loader><\/ss3-loader><\/div><\/div><div class=\"n2_clear\"><\/div><\/div><\/ss3-force-full-width><\/div>","protected":false},"excerpt":{"rendered":"<p> [&#8230;]<\/p>\n<p><a class=\"btn btn-secondary understrap-read-more-link\" href=\"https:\/\/www.medicalis.ch\/de\/unsere-kompetenzen\/\">Weiterlesen&#8230;<span class=\"screen-reader-text\"> from Unser Know-how im Bereich Humanressourcen<\/span><\/a><\/p>\n","protected":false},"author":1,"featured_media":0,"parent":0,"menu_order":0,"comment_status":"closed","ping_status":"closed","template":"","meta":{"_monsterinsights_skip_tracking":false,"_monsterinsights_sitenote_active":false,"_monsterinsights_sitenote_note":"","_monsterinsights_sitenote_category":0,"footnotes":""},"class_list":["post-1246250","page","type-page","status-publish","hentry"],"yoast_head":"<!-- This site is optimized with the Yoast SEO plugin v26.9 - https:\/\/yoast.com\/product\/yoast-seo-wordpress\/ -->\n<title>Unser Know-how im Bereich Humanressourcen - Medicalis<\/title>\n<meta name=\"robots\" content=\"index, follow, max-snippet:-1, max-image-preview:large, max-video-preview:-1\" \/>\n<link rel=\"canonical\" href=\"https:\/\/www.interima.ch\/de\/unsere-kompetenzen\/\" \/>\n<meta property=\"og:locale\" content=\"de_DE\" \/>\n<meta property=\"og:type\" content=\"article\" \/>\n<meta property=\"og:title\" content=\"Unser Know-how im Bereich Humanressourcen - Medicalis\" \/>\n<meta property=\"og:description\" content=\"[...]Weiterlesen... from Unser Know-how im Bereich Humanressourcen\" \/>\n<meta property=\"og:url\" content=\"https:\/\/www.interima.ch\/de\/unsere-kompetenzen\/\" \/>\n<meta property=\"og:site_name\" content=\"Medicalis\" \/>\n<meta property=\"article:publisher\" content=\"https:\/\/www.facebook.com\/Medicalis-1737325559702106\/\" \/>\n<meta property=\"article:modified_time\" content=\"2023-02-28T12:55:06+00:00\" \/>\n<meta property=\"og:image\" content=\"https:\/\/www.medicalis.ch\/wp-content\/uploads\/2022\/06\/MEDICALIS_Logo_CMJN.jpg\" \/>\n\t<meta property=\"og:image:width\" content=\"520\" \/>\n\t<meta property=\"og:image:height\" content=\"270\" \/>\n\t<meta property=\"og:image:type\" content=\"image\/jpeg\" \/>\n<meta name=\"twitter:card\" content=\"summary_large_image\" \/>\n<meta name=\"twitter:label1\" content=\"Gesch\u00e4tzte Lesezeit\" \/>\n\t<meta name=\"twitter:data1\" content=\"1\u00a0Minute\" \/>\n<script type=\"application\/ld+json\" class=\"yoast-schema-graph\">{\"@context\":\"https:\/\/schema.org\",\"@graph\":[{\"@type\":\"WebPage\",\"@id\":\"https:\/\/www.medicalis.ch\/de\/unsere-kompetenzen\/\",\"url\":\"https:\/\/www.interima.ch\/de\/unsere-kompetenzen\/\",\"name\":\"Unser Know-how im Bereich Humanressourcen - Medicalis\",\"isPartOf\":{\"@id\":\"https:\/\/www.medicalis.ch\/de\/#website\"},\"datePublished\":\"2022-04-27T13:07:31+00:00\",\"dateModified\":\"2023-02-28T12:55:06+00:00\",\"breadcrumb\":{\"@id\":\"https:\/\/www.interima.ch\/de\/unsere-kompetenzen\/#breadcrumb\"},\"inLanguage\":\"de\",\"potentialAction\":[{\"@type\":\"ReadAction\",\"target\":[\"https:\/\/www.interima.ch\/de\/unsere-kompetenzen\/\"]}]},{\"@type\":\"BreadcrumbList\",\"@id\":\"https:\/\/www.interima.ch\/de\/unsere-kompetenzen\/#breadcrumb\",\"itemListElement\":[{\"@type\":\"ListItem\",\"position\":1,\"name\":\"Accueil\",\"item\":\"https:\/\/www.medicalis.ch\/de\/\"},{\"@type\":\"ListItem\",\"position\":2,\"name\":\"Unser Know-how im Bereich Humanressourcen\"}]},{\"@type\":\"WebSite\",\"@id\":\"https:\/\/www.medicalis.ch\/de\/#website\",\"url\":\"https:\/\/www.medicalis.ch\/de\/\",\"name\":\"Medicalis\",\"description\":\"\",\"publisher\":{\"@id\":\"https:\/\/www.medicalis.ch\/de\/#organization\"},\"potentialAction\":[{\"@type\":\"SearchAction\",\"target\":{\"@type\":\"EntryPoint\",\"urlTemplate\":\"https:\/\/www.medicalis.ch\/de\/?s={search_term_string}\"},\"query-input\":{\"@type\":\"PropertyValueSpecification\",\"valueRequired\":true,\"valueName\":\"search_term_string\"}}],\"inLanguage\":\"de\"},{\"@type\":\"Organization\",\"@id\":\"https:\/\/www.medicalis.ch\/de\/#organization\",\"name\":\"Medicalis\",\"url\":\"https:\/\/www.medicalis.ch\/de\/\",\"logo\":{\"@type\":\"ImageObject\",\"inLanguage\":\"de\",\"@id\":\"https:\/\/www.medicalis.ch\/de\/#\/schema\/logo\/image\/\",\"url\":\"https:\/\/www.medicalis.ch\/wp-content\/uploads\/2022\/12\/Medicalis_logotype_RVB_217x68.png\",\"contentUrl\":\"https:\/\/www.medicalis.ch\/wp-content\/uploads\/2022\/12\/Medicalis_logotype_RVB_217x68.png\",\"width\":217,\"height\":68,\"caption\":\"Medicalis\"},\"image\":{\"@id\":\"https:\/\/www.medicalis.ch\/de\/#\/schema\/logo\/image\/\"},\"sameAs\":[\"https:\/\/www.facebook.com\/Medicalis-1737325559702106\/\",\"https:\/\/www.linkedin.com\/company\/19057976\/\"]}]}<\/script>\n<!-- \/ Yoast SEO plugin. -->","yoast_head_json":{"title":"Unser Know-how im Bereich Humanressourcen - Medicalis","robots":{"index":"index","follow":"follow","max-snippet":"max-snippet:-1","max-image-preview":"max-image-preview:large","max-video-preview":"max-video-preview:-1"},"canonical":"https:\/\/www.interima.ch\/de\/unsere-kompetenzen\/","og_locale":"de_DE","og_type":"article","og_title":"Unser Know-how im Bereich Humanressourcen - Medicalis","og_description":"[...]Weiterlesen... from Unser Know-how im Bereich Humanressourcen","og_url":"https:\/\/www.interima.ch\/de\/unsere-kompetenzen\/","og_site_name":"Medicalis","article_publisher":"https:\/\/www.facebook.com\/Medicalis-1737325559702106\/","article_modified_time":"2023-02-28T12:55:06+00:00","og_image":[{"width":520,"height":270,"url":"https:\/\/www.medicalis.ch\/wp-content\/uploads\/2022\/06\/MEDICALIS_Logo_CMJN.jpg","type":"image\/jpeg"}],"twitter_card":"summary_large_image","twitter_misc":{"Gesch\u00e4tzte Lesezeit":"1\u00a0Minute"},"schema":{"@context":"https:\/\/schema.org","@graph":[{"@type":"WebPage","@id":"https:\/\/www.medicalis.ch\/de\/unsere-kompetenzen\/","url":"https:\/\/www.interima.ch\/de\/unsere-kompetenzen\/","name":"Unser Know-how im Bereich Humanressourcen - Medicalis","isPartOf":{"@id":"https:\/\/www.medicalis.ch\/de\/#website"},"datePublished":"2022-04-27T13:07:31+00:00","dateModified":"2023-02-28T12:55:06+00:00","breadcrumb":{"@id":"https:\/\/www.interima.ch\/de\/unsere-kompetenzen\/#breadcrumb"},"inLanguage":"de","potentialAction":[{"@type":"ReadAction","target":["https:\/\/www.interima.ch\/de\/unsere-kompetenzen\/"]}]},{"@type":"BreadcrumbList","@id":"https:\/\/www.interima.ch\/de\/unsere-kompetenzen\/#breadcrumb","itemListElement":[{"@type":"ListItem","position":1,"name":"Accueil","item":"https:\/\/www.medicalis.ch\/de\/"},{"@type":"ListItem","position":2,"name":"Unser Know-how im Bereich Humanressourcen"}]},{"@type":"WebSite","@id":"https:\/\/www.medicalis.ch\/de\/#website","url":"https:\/\/www.medicalis.ch\/de\/","name":"Medicalis","description":"","publisher":{"@id":"https:\/\/www.medicalis.ch\/de\/#organization"},"potentialAction":[{"@type":"SearchAction","target":{"@type":"EntryPoint","urlTemplate":"https:\/\/www.medicalis.ch\/de\/?s={search_term_string}"},"query-input":{"@type":"PropertyValueSpecification","valueRequired":true,"valueName":"search_term_string"}}],"inLanguage":"de"},{"@type":"Organization","@id":"https:\/\/www.medicalis.ch\/de\/#organization","name":"Medicalis","url":"https:\/\/www.medicalis.ch\/de\/","logo":{"@type":"ImageObject","inLanguage":"de","@id":"https:\/\/www.medicalis.ch\/de\/#\/schema\/logo\/image\/","url":"https:\/\/www.medicalis.ch\/wp-content\/uploads\/2022\/12\/Medicalis_logotype_RVB_217x68.png","contentUrl":"https:\/\/www.medicalis.ch\/wp-content\/uploads\/2022\/12\/Medicalis_logotype_RVB_217x68.png","width":217,"height":68,"caption":"Medicalis"},"image":{"@id":"https:\/\/www.medicalis.ch\/de\/#\/schema\/logo\/image\/"},"sameAs":["https:\/\/www.facebook.com\/Medicalis-1737325559702106\/","https:\/\/www.linkedin.com\/company\/19057976\/"]}]}},"_links":{"self":[{"href":"https:\/\/www.medicalis.ch\/de\/wp-json\/wp\/v2\/pages\/1246250","targetHints":{"allow":["GET"]}}],"collection":[{"href":"https:\/\/www.medicalis.ch\/de\/wp-json\/wp\/v2\/pages"}],"about":[{"href":"https:\/\/www.medicalis.ch\/de\/wp-json\/wp\/v2\/types\/page"}],"author":[{"embeddable":true,"href":"https:\/\/www.medicalis.ch\/de\/wp-json\/wp\/v2\/users\/1"}],"replies":[{"embeddable":true,"href":"https:\/\/www.medicalis.ch\/de\/wp-json\/wp\/v2\/comments?post=1246250"}],"version-history":[{"count":1,"href":"https:\/\/www.medicalis.ch\/de\/wp-json\/wp\/v2\/pages\/1246250\/revisions"}],"predecessor-version":[{"id":1246252,"href":"https:\/\/www.medicalis.ch\/de\/wp-json\/wp\/v2\/pages\/1246250\/revisions\/1246252"}],"wp:attachment":[{"href":"https:\/\/www.medicalis.ch\/de\/wp-json\/wp\/v2\/media?parent=1246250"}],"curies":[{"name":"wp","href":"https:\/\/api.w.org\/{rel}","templated":true}]}}