{"id":1246266,"date":"2022-04-27T15:43:16","date_gmt":"2022-04-27T13:43:16","guid":{"rendered":"http:\/\/medicalis.igs-preprod.ch\/?page_id=1246266"},"modified":"2023-02-28T13:56:38","modified_gmt":"2023-02-28T12:56:38","slug":"unsere-geschichte","status":"publish","type":"page","link":"https:\/\/www.medicalis.ch\/de\/unsere-geschichte\/","title":{"rendered":"Unsere Geschichte"},"content":{"rendered":"<div><ss3-force-full-width data-overflow-x=\"body\" data-horizontal-selector=\"\"><div class=\"n2-section-smartslider fitvidsignore \" data-ssid=\"21\" tabindex=\"0\" role=\"region\" aria-label=\"Diaporama\"><div id=\"n2-ss-21-align\" class=\"n2-ss-align\"><div class=\"n2-padding\"><div id=\"n2-ss-21\" data-creator=\"Smart Slider 3\" data-responsive=\"fullwidth\" class=\"n2-ss-slider n2-ow n2-has-hover n2notransition  \">\n        <div class=\"n2-ss-slider-1 n2_ss__touch_element n2-ow\">\n            <div class=\"n2-ss-slider-2 n2-ow\">\n                                                <div class=\"n2-ss-slider-3 n2-ow\">\n\n                    <div class=\"n2-ss-slide-backgrounds n2-ow-all\"><div class=\"n2-ss-slide-background\" data-public-id=\"1\" data-mode=\"fill\"><div class=\"n2-ss-slide-background-image\" data-blur=\"0\" data-opacity=\"100\" data-x=\"50\" data-y=\"15\" data-alt=\"\" data-title=\"\" style=\"--ss-o-pos-y:15%\"><picture class=\"skip-lazy\" data-skip-lazy=\"1\"><img decoding=\"async\" src=\"\/\/www.medicalis.ch\/wp-content\/uploads\/slider21\/istock-501341647_super-scaled2.jpg\" alt=\"\" title=\"\" loading=\"lazy\" class=\"skip-lazy\" data-skip-lazy=\"1\"><\/picture><\/div><div data-color=\"RGBA(255,255,255,0)\" style=\"background-color: RGBA(255,255,255,0);\" class=\"n2-ss-slide-background-color\"><\/div><\/div><\/div>                    <div class=\"n2-ss-slider-4 n2-ow\">\n                        <svg xmlns=\"http:\/\/www.w3.org\/2000\/svg\" viewBox=\"0 0 1200 850\" data-related-device=\"desktopPortrait\" class=\"n2-ow n2-ss-preserve-size n2-ss-preserve-size--slider n2-ss-slide-limiter\"><\/svg><div data-first=\"1\" data-slide-duration=\"0\" data-id=\"52\" data-slide-public-id=\"1\" data-title=\"Unsere Geschichte\" class=\"n2-ss-slide n2-ow  n2-ss-slide-52\"><div role=\"note\" class=\"n2-ss-slide--focus\" tabindex=\"-1\">Unsere Geschichte<\/div><div class=\"n2-ss-layers-container n2-ss-slide-limiter n2-ow\"><div class=\"n2-ss-layer n2-ow n-uc-K4BaQ4Etf6YG\" data-sstype=\"slide\" data-pm=\"default\"><div class=\"n2-ss-layer n2-ow n-uc-Y6FrWteFxuF5 n2-ss-layer--need-height\" data-pm=\"absolute\" data-responsiveposition=\"1\" data-desktopportraitleft=\"0\" data-mobileportraitleft=\"0\" data-desktopportraittop=\"0\" data-mobileportraittop=\"0\" data-responsivesize=\"1\" data-desktopportraitwidth=\"150\" data-mobileportraitwidth=\"100%\" data-desktopportraitheight=\"150\" data-mobileportraitheight=\"100%\" data-desktopportraitalign=\"center\" data-mobileportraitalign=\"left\" data-desktopportraitvalign=\"middle\" data-mobileportraitvalign=\"top\" data-parentid=\"\" data-desktopportraitparentalign=\"center\" data-desktopportraitparentvalign=\"middle\" data-hidedesktopportrait=\"1\" data-hidetabletportrait=\"1\" data-sstype=\"layer\"><div class=\"n2-ss-item-content n2-ow\" style=\"background-color: #000000;background-color: RGBA(0,0,0,0.24);height:100%;\"><\/div><\/div><div class=\"n2-ss-layer n2-ow n-uc-r3wZRutcXDYw\" data-pm=\"default\" data-sstype=\"content\" data-hasbackground=\"0\"><div class=\"n2-ss-section-main-content n2-ss-layer-with-background n2-ss-layer-content n2-ow n-uc-r3wZRutcXDYw-inner\"><div class=\"n2-ss-layer n2-ow n2-ss-layer--block n2-ss-has-self-align n-uc-eSQa4ehGca1i\" data-pm=\"normal\" data-sstype=\"row\"><div class=\"n2-ss-layer-row n2-ss-layer-with-background n-uc-eSQa4ehGca1i-inner\"><div class=\"n2-ss-layer-row-inner \"><div class=\"n2-ss-layer n2-ow n-uc-BUdFYpdkt47R\" data-pm=\"default\" data-sstype=\"col\"><div class=\"n2-ss-layer-col n2-ss-layer-with-background n2-ss-layer-content n-uc-BUdFYpdkt47R-inner\"><div class=\"n2-ss-layer n2-ow n-uc-jZEPMIZB9h5Y\" data-pm=\"normal\" data-sstype=\"layer\"><h1 id=\"n2-ss-21item2\" class=\"n2-font-348af122267adda7b856ff32beb55b14-hover   n2-ss-item-content n2-ss-text n2-ow\" style=\"display:block;\">Unsere Geschichte<\/h1><\/div><div class=\"n2-ss-layer n2-ow n-uc-PaAHGWo1CEoW\" data-pm=\"normal\" data-sstype=\"layer\"><\/div><div class=\"n2-ss-layer n2-ow n-uc-03KrVMY9Es2F\" data-pm=\"normal\" data-sstype=\"layer\"><div class=\"n2-ss-item-content n2-ss-text n2-ow-all\"><div class=\"\"><p class=\"n2-font-7b981e57afab2cde2a01b0725797f99b-paragraph   \">Eine Geschichte der Leidenschaft. Unsere Geschichte ist eine Erfolgsgeschichte \u2013 eine Geschichte engagierter Fachleute, die ihren Beruf lieben. Bereits <span class=\"themecolor\">seit 1998<\/span> vertreten wir bei der <span class=\"themecolor\">Interiman Group<\/span> folgende Ideologie: unsere Leidenschaft f\u00fcr Ihren Erfolg. Unsere Leidenschaft f\u00fcr Kundenn\u00e4he durch Agenturen, die sich dem Zuh\u00f6ren, dem Dialog und der Reaktionsschnelligkeit verschrieben haben.<br \/>\n<br \/>\nUnsere Leidenschaft f\u00fcr zwischenmenschliche Beziehungen, die sich in einem immer engeren Kontakt zwischen Arbeitgebern und Arbeitssuchenden niederschl\u00e4gt. Unsere Leidenschaft f\u00fcr Effizienz dank einem ausgepr\u00e4gten Pragmatismus, einem ununterbrochenen Streben nach Exzellenz und der st\u00e4ndigen Suche nach den geeignetsten Kandidaten. Heute k\u00f6nnen wir Unternehmen und Bewerbern bessere Perspektiven als je zuvor bieten \u2013 zur Unterst\u00fctzung des wirtschaftlichen Wachstums der Firmen und F\u00f6rderung der Karriere der Bewerber. Damit wir Unternehmen und Bewerber sowohl f\u00fcr Tempor\u00e4r- als auch Festanstellungen optimal unterst\u00fctzen k\u00f6nnen, <span class=\"themecolor\">haben sich unsere verschiedenen Filialen und Unternehmenssparten auf bestimmte Fachbereiche spezialisiert.<\/span><\/p>\n<\/div><\/div><\/div><\/div><\/div><\/div><\/div><\/div><\/div><\/div><\/div><\/div><img decoding=\"async\" loading=\"lazy\" class=\"n2-ss-slide-thumbnail skip-lazy\" data-skip-lazy=\"1\" src=\"\/\/www.medicalis.ch\/wp-content\/uploads\/slider21\/istock-501341647_super-scaled2.jpg\" alt=\"Unsere Geschichte\"><\/div>                    <\/div>\n\n                                    <\/div>\n            <\/div>\n        <\/div>\n        <\/div><ss3-loader><\/ss3-loader><\/div><\/div><div class=\"n2_clear\"><\/div><\/div><\/ss3-force-full-width><\/div>","protected":false},"excerpt":{"rendered":"<p> [&#8230;]<\/p>\n<p><a class=\"btn btn-secondary understrap-read-more-link\" href=\"https:\/\/www.medicalis.ch\/de\/unsere-geschichte\/\">Weiterlesen&#8230;<span class=\"screen-reader-text\"> from Unsere Geschichte<\/span><\/a><\/p>\n","protected":false},"author":1,"featured_media":0,"parent":0,"menu_order":0,"comment_status":"closed","ping_status":"closed","template":"","meta":{"_monsterinsights_skip_tracking":false,"_monsterinsights_sitenote_active":false,"_monsterinsights_sitenote_note":"","_monsterinsights_sitenote_category":0,"footnotes":""},"class_list":["post-1246266","page","type-page","status-publish","hentry"],"yoast_head":"<!-- This site is optimized with the Yoast SEO plugin v26.9 - https:\/\/yoast.com\/product\/yoast-seo-wordpress\/ -->\n<title>Unsere Geschichte - Medicalis<\/title>\n<meta name=\"robots\" content=\"index, follow, max-snippet:-1, max-image-preview:large, max-video-preview:-1\" \/>\n<link rel=\"canonical\" href=\"https:\/\/interiman-group.ch\/de\/unsere-geschichte\/\" \/>\n<meta property=\"og:locale\" content=\"de_DE\" \/>\n<meta property=\"og:type\" content=\"article\" \/>\n<meta property=\"og:title\" content=\"Unsere Geschichte - Medicalis\" \/>\n<meta property=\"og:description\" content=\"[...]Weiterlesen... from Unsere Geschichte\" \/>\n<meta property=\"og:url\" content=\"https:\/\/interiman-group.ch\/de\/unsere-geschichte\/\" \/>\n<meta property=\"og:site_name\" content=\"Medicalis\" \/>\n<meta property=\"article:publisher\" content=\"https:\/\/www.facebook.com\/Medicalis-1737325559702106\/\" \/>\n<meta property=\"article:modified_time\" content=\"2023-02-28T12:56:38+00:00\" \/>\n<meta property=\"og:image\" content=\"https:\/\/www.medicalis.ch\/wp-content\/uploads\/2022\/06\/MEDICALIS_Logo_CMJN.jpg\" \/>\n\t<meta property=\"og:image:width\" content=\"520\" \/>\n\t<meta property=\"og:image:height\" content=\"270\" \/>\n\t<meta property=\"og:image:type\" content=\"image\/jpeg\" \/>\n<meta name=\"twitter:card\" content=\"summary_large_image\" \/>\n<meta name=\"twitter:label1\" content=\"Gesch\u00e4tzte Lesezeit\" \/>\n\t<meta name=\"twitter:data1\" content=\"1\u00a0Minute\" \/>\n<script type=\"application\/ld+json\" class=\"yoast-schema-graph\">{\"@context\":\"https:\/\/schema.org\",\"@graph\":[{\"@type\":\"WebPage\",\"@id\":\"https:\/\/www.medicalis.ch\/de\/unsere-geschichte\/\",\"url\":\"https:\/\/interiman-group.ch\/de\/unsere-geschichte\/\",\"name\":\"Unsere Geschichte - Medicalis\",\"isPartOf\":{\"@id\":\"https:\/\/www.medicalis.ch\/de\/#website\"},\"datePublished\":\"2022-04-27T13:43:16+00:00\",\"dateModified\":\"2023-02-28T12:56:38+00:00\",\"breadcrumb\":{\"@id\":\"https:\/\/interiman-group.ch\/de\/unsere-geschichte\/#breadcrumb\"},\"inLanguage\":\"de\",\"potentialAction\":[{\"@type\":\"ReadAction\",\"target\":[\"https:\/\/interiman-group.ch\/de\/unsere-geschichte\/\"]}]},{\"@type\":\"BreadcrumbList\",\"@id\":\"https:\/\/interiman-group.ch\/de\/unsere-geschichte\/#breadcrumb\",\"itemListElement\":[{\"@type\":\"ListItem\",\"position\":1,\"name\":\"Accueil\",\"item\":\"https:\/\/www.medicalis.ch\/de\/\"},{\"@type\":\"ListItem\",\"position\":2,\"name\":\"Unsere Geschichte\"}]},{\"@type\":\"WebSite\",\"@id\":\"https:\/\/www.medicalis.ch\/de\/#website\",\"url\":\"https:\/\/www.medicalis.ch\/de\/\",\"name\":\"Medicalis\",\"description\":\"\",\"publisher\":{\"@id\":\"https:\/\/www.medicalis.ch\/de\/#organization\"},\"potentialAction\":[{\"@type\":\"SearchAction\",\"target\":{\"@type\":\"EntryPoint\",\"urlTemplate\":\"https:\/\/www.medicalis.ch\/de\/?s={search_term_string}\"},\"query-input\":{\"@type\":\"PropertyValueSpecification\",\"valueRequired\":true,\"valueName\":\"search_term_string\"}}],\"inLanguage\":\"de\"},{\"@type\":\"Organization\",\"@id\":\"https:\/\/www.medicalis.ch\/de\/#organization\",\"name\":\"Medicalis\",\"url\":\"https:\/\/www.medicalis.ch\/de\/\",\"logo\":{\"@type\":\"ImageObject\",\"inLanguage\":\"de\",\"@id\":\"https:\/\/www.medicalis.ch\/de\/#\/schema\/logo\/image\/\",\"url\":\"https:\/\/www.medicalis.ch\/wp-content\/uploads\/2022\/12\/Medicalis_logotype_RVB_217x68.png\",\"contentUrl\":\"https:\/\/www.medicalis.ch\/wp-content\/uploads\/2022\/12\/Medicalis_logotype_RVB_217x68.png\",\"width\":217,\"height\":68,\"caption\":\"Medicalis\"},\"image\":{\"@id\":\"https:\/\/www.medicalis.ch\/de\/#\/schema\/logo\/image\/\"},\"sameAs\":[\"https:\/\/www.facebook.com\/Medicalis-1737325559702106\/\",\"https:\/\/www.linkedin.com\/company\/19057976\/\"]}]}<\/script>\n<!-- \/ Yoast SEO plugin. -->","yoast_head_json":{"title":"Unsere Geschichte - Medicalis","robots":{"index":"index","follow":"follow","max-snippet":"max-snippet:-1","max-image-preview":"max-image-preview:large","max-video-preview":"max-video-preview:-1"},"canonical":"https:\/\/interiman-group.ch\/de\/unsere-geschichte\/","og_locale":"de_DE","og_type":"article","og_title":"Unsere Geschichte - Medicalis","og_description":"[...]Weiterlesen... from Unsere Geschichte","og_url":"https:\/\/interiman-group.ch\/de\/unsere-geschichte\/","og_site_name":"Medicalis","article_publisher":"https:\/\/www.facebook.com\/Medicalis-1737325559702106\/","article_modified_time":"2023-02-28T12:56:38+00:00","og_image":[{"width":520,"height":270,"url":"https:\/\/www.medicalis.ch\/wp-content\/uploads\/2022\/06\/MEDICALIS_Logo_CMJN.jpg","type":"image\/jpeg"}],"twitter_card":"summary_large_image","twitter_misc":{"Gesch\u00e4tzte Lesezeit":"1\u00a0Minute"},"schema":{"@context":"https:\/\/schema.org","@graph":[{"@type":"WebPage","@id":"https:\/\/www.medicalis.ch\/de\/unsere-geschichte\/","url":"https:\/\/interiman-group.ch\/de\/unsere-geschichte\/","name":"Unsere Geschichte - Medicalis","isPartOf":{"@id":"https:\/\/www.medicalis.ch\/de\/#website"},"datePublished":"2022-04-27T13:43:16+00:00","dateModified":"2023-02-28T12:56:38+00:00","breadcrumb":{"@id":"https:\/\/interiman-group.ch\/de\/unsere-geschichte\/#breadcrumb"},"inLanguage":"de","potentialAction":[{"@type":"ReadAction","target":["https:\/\/interiman-group.ch\/de\/unsere-geschichte\/"]}]},{"@type":"BreadcrumbList","@id":"https:\/\/interiman-group.ch\/de\/unsere-geschichte\/#breadcrumb","itemListElement":[{"@type":"ListItem","position":1,"name":"Accueil","item":"https:\/\/www.medicalis.ch\/de\/"},{"@type":"ListItem","position":2,"name":"Unsere Geschichte"}]},{"@type":"WebSite","@id":"https:\/\/www.medicalis.ch\/de\/#website","url":"https:\/\/www.medicalis.ch\/de\/","name":"Medicalis","description":"","publisher":{"@id":"https:\/\/www.medicalis.ch\/de\/#organization"},"potentialAction":[{"@type":"SearchAction","target":{"@type":"EntryPoint","urlTemplate":"https:\/\/www.medicalis.ch\/de\/?s={search_term_string}"},"query-input":{"@type":"PropertyValueSpecification","valueRequired":true,"valueName":"search_term_string"}}],"inLanguage":"de"},{"@type":"Organization","@id":"https:\/\/www.medicalis.ch\/de\/#organization","name":"Medicalis","url":"https:\/\/www.medicalis.ch\/de\/","logo":{"@type":"ImageObject","inLanguage":"de","@id":"https:\/\/www.medicalis.ch\/de\/#\/schema\/logo\/image\/","url":"https:\/\/www.medicalis.ch\/wp-content\/uploads\/2022\/12\/Medicalis_logotype_RVB_217x68.png","contentUrl":"https:\/\/www.medicalis.ch\/wp-content\/uploads\/2022\/12\/Medicalis_logotype_RVB_217x68.png","width":217,"height":68,"caption":"Medicalis"},"image":{"@id":"https:\/\/www.medicalis.ch\/de\/#\/schema\/logo\/image\/"},"sameAs":["https:\/\/www.facebook.com\/Medicalis-1737325559702106\/","https:\/\/www.linkedin.com\/company\/19057976\/"]}]}},"_links":{"self":[{"href":"https:\/\/www.medicalis.ch\/de\/wp-json\/wp\/v2\/pages\/1246266","targetHints":{"allow":["GET"]}}],"collection":[{"href":"https:\/\/www.medicalis.ch\/de\/wp-json\/wp\/v2\/pages"}],"about":[{"href":"https:\/\/www.medicalis.ch\/de\/wp-json\/wp\/v2\/types\/page"}],"author":[{"embeddable":true,"href":"https:\/\/www.medicalis.ch\/de\/wp-json\/wp\/v2\/users\/1"}],"replies":[{"embeddable":true,"href":"https:\/\/www.medicalis.ch\/de\/wp-json\/wp\/v2\/comments?post=1246266"}],"version-history":[{"count":1,"href":"https:\/\/www.medicalis.ch\/de\/wp-json\/wp\/v2\/pages\/1246266\/revisions"}],"predecessor-version":[{"id":1246268,"href":"https:\/\/www.medicalis.ch\/de\/wp-json\/wp\/v2\/pages\/1246266\/revisions\/1246268"}],"wp:attachment":[{"href":"https:\/\/www.medicalis.ch\/de\/wp-json\/wp\/v2\/media?parent=1246266"}],"curies":[{"name":"wp","href":"https:\/\/api.w.org\/{rel}","templated":true}]}}