{"id":1246299,"date":"2022-04-28T15:50:29","date_gmt":"2022-04-28T13:50:29","guid":{"rendered":"http:\/\/medicalis.igs-preprod.ch\/?page_id=1246299"},"modified":"2023-02-28T14:00:41","modified_gmt":"2023-02-28T13:00:41","slug":"nachhaltige-entwicklung","status":"publish","type":"page","link":"https:\/\/www.medicalis.ch\/de\/nachhaltige-entwicklung\/","title":{"rendered":"Nachhaltige Entwicklung"},"content":{"rendered":"<div><ss3-force-full-width data-overflow-x=\"body\" data-horizontal-selector=\"\"><div class=\"n2-section-smartslider fitvidsignore \" data-ssid=\"31\" tabindex=\"0\" role=\"region\" aria-label=\"Diaporama\"><div id=\"n2-ss-31-align\" class=\"n2-ss-align\"><div class=\"n2-padding\"><div id=\"n2-ss-31\" data-creator=\"Smart Slider 3\" data-responsive=\"fullwidth\" class=\"n2-ss-slider n2-ow n2-has-hover n2notransition  \">\n        <div class=\"n2-ss-slider-1 n2_ss__touch_element n2-ow\">\n            <div class=\"n2-ss-slider-2 n2-ow\">\n                                                <div class=\"n2-ss-slider-3 n2-ow\">\n\n                    <div class=\"n2-ss-slide-backgrounds n2-ow-all\"><div class=\"n2-ss-slide-background\" data-public-id=\"1\" data-mode=\"fill\"><div class=\"n2-ss-slide-background-image\" data-blur=\"0\" data-opacity=\"100\" data-x=\"50\" data-y=\"15\" data-alt=\"\" data-title=\"\" style=\"--ss-o-pos-y:15%\"><picture class=\"skip-lazy\" data-skip-lazy=\"1\"><img decoding=\"async\" src=\"\/\/www.medicalis.ch\/wp-content\/uploads\/slider31\/istock-695058990_super-scaled2.jpg\" alt=\"\" title=\"\" loading=\"lazy\" class=\"skip-lazy\" data-skip-lazy=\"1\"><\/picture><\/div><div data-color=\"RGBA(255,255,255,0)\" style=\"background-color: RGBA(255,255,255,0);\" class=\"n2-ss-slide-background-color\"><\/div><\/div><\/div>                    <div class=\"n2-ss-slider-4 n2-ow\">\n                        <svg xmlns=\"http:\/\/www.w3.org\/2000\/svg\" viewBox=\"0 0 1200 850\" data-related-device=\"desktopPortrait\" class=\"n2-ow n2-ss-preserve-size n2-ss-preserve-size--slider n2-ss-slide-limiter\"><\/svg><div data-first=\"1\" data-slide-duration=\"0\" data-id=\"68\" data-slide-public-id=\"1\" data-title=\"Nachhaltige Entwicklung\" class=\"n2-ss-slide n2-ow  n2-ss-slide-68\"><div role=\"note\" class=\"n2-ss-slide--focus\" tabindex=\"-1\">Nachhaltige Entwicklung<\/div><div class=\"n2-ss-layers-container n2-ss-slide-limiter n2-ow\"><div class=\"n2-ss-layer n2-ow n-uc-eIjqN3y1yFxE\" data-sstype=\"slide\" data-pm=\"default\"><div class=\"n2-ss-layer n2-ow n-uc-9CZydGmwCp8a n2-ss-layer--need-height\" data-pm=\"absolute\" data-responsiveposition=\"1\" data-desktopportraitleft=\"0\" data-mobileportraitleft=\"0\" data-desktopportraittop=\"0\" data-mobileportraittop=\"0\" data-responsivesize=\"1\" data-desktopportraitwidth=\"150\" data-mobileportraitwidth=\"100%\" data-desktopportraitheight=\"150\" data-mobileportraitheight=\"100%\" data-desktopportraitalign=\"center\" data-mobileportraitalign=\"left\" data-desktopportraitvalign=\"middle\" data-mobileportraitvalign=\"top\" data-parentid=\"\" data-desktopportraitparentalign=\"center\" data-desktopportraitparentvalign=\"middle\" data-hidedesktopportrait=\"1\" data-hidetabletportrait=\"1\" data-sstype=\"layer\"><div class=\"n2-ss-item-content n2-ow\" style=\"background-color: #000000;background-color: RGBA(0,0,0,0.24);height:100%;\"><\/div><\/div><div class=\"n2-ss-layer n2-ow n-uc-xgOpjH2tLG3g\" data-pm=\"default\" data-sstype=\"content\" data-hasbackground=\"0\"><div class=\"n2-ss-section-main-content n2-ss-layer-with-background n2-ss-layer-content n2-ow n-uc-xgOpjH2tLG3g-inner\"><div class=\"n2-ss-layer n2-ow n2-ss-layer--block n2-ss-has-self-align n-uc-XfCe3840x0XH\" data-pm=\"normal\" data-sstype=\"row\"><div class=\"n2-ss-layer-row n2-ss-layer-with-background n-uc-XfCe3840x0XH-inner\"><div class=\"n2-ss-layer-row-inner \"><div class=\"n2-ss-layer n2-ow n-uc-o2Kk5CTTJsw2\" data-pm=\"default\" data-sstype=\"col\"><div class=\"n2-ss-layer-col n2-ss-layer-with-background n2-ss-layer-content n-uc-o2Kk5CTTJsw2-inner\"><div class=\"n2-ss-layer n2-ow n-uc-m6Sh2Ow8jK2Z\" data-pm=\"normal\" data-sstype=\"layer\"><div id=\"n2-ss-31item2\" class=\"n2-font-348af122267adda7b856ff32beb55b14-hover   n2-ss-item-content n2-ss-text n2-ow\" style=\"display:block;\">Nachhaltige Entwicklung<\/div><\/div><div class=\"n2-ss-layer n2-ow n-uc-pJZTZz9tec1V\" data-pm=\"normal\" data-sstype=\"layer\"><\/div><div class=\"n2-ss-layer n2-ow n-uc-SKHkUcc5dNsv\" data-pm=\"normal\" data-sstype=\"layer\"><div class=\"n2-ss-item-content n2-ss-text n2-ow-all\"><div class=\"\"><p class=\"n2-font-7b981e57afab2cde2a01b0725797f99b-paragraph   \"><span class=\"themecolor\">Was bedeutet nachhaltige Entwicklung f\u00fcr Medicalis ?<\/span><br \/>\nDas wirtschaftliche Wachstum ist und bleibt ein Hauptaugenmerk des Konzerns. Dabei legen wir jedoch gro\u00dfen Wert darauf, dass die Steigerung der wirtschaftlichen Rentabilit\u00e4t des Unternehmens zum sozialen Fortschritt beitr\u00e4gt.<\/p>\n<p class=\"n2-font-7b981e57afab2cde2a01b0725797f99b-paragraph   \">Der soziale Fortschritt sichert die psychische und k\u00f6rperliche Gesundheit der Einzelperson, ihr Wohlergehen im privaten sowie im professionellen Umfeld und den lebenslangen Zugriff auf Ausbildungs- und Fortbildungsm\u00f6glichkeiten.<\/p>\n<p class=\"n2-font-7b981e57afab2cde2a01b0725797f99b-paragraph   \">Dieser soziale Fortschritt darf jedoch nicht zu Lasten zuk\u00fcnftiger Generationen gehen. Die nat\u00fcrlichen Ressourcen, die unerl\u00e4sslich f\u00fcr unsere Entwicklung sind, m\u00fcssen erhalten werden, darunter ausreichend sauberes Wasser, Naturlandschaften und W\u00e4lder, Rohstoffe und gute Luftqualit\u00e4t&#8230;<\/p>\n<\/div><\/div><\/div><div class=\"n2-ss-layer n2-ow n-uc-3wuTSGpgw8Jm\" data-pm=\"normal\" data-sstype=\"layer\"><div class=\"n2-ss-item-content n2-ss-text n2-ow-all\"><div class=\"\"><p class=\"n2-font-7b981e57afab2cde2a01b0725797f99b-paragraph   \">Wir verpflichten uns vor allem dazu, f\u00fcr die nachhaltige Sicherung eines realistischen und konkreten Entwicklungsprozesses zu sorgen: Optimierung des internen Zusammenhalts, Weiterentwicklung unserer Mitarbeiter, Strukturierung unserer Eink\u00e4ufe durch dauerhafte und faire Beziehungen mit unseren Lieferanten, Senkung unseres Verbrauchs nicht erneuerbarer Ressourcen und mehr.<\/p>\n<p class=\"n2-font-7b981e57afab2cde2a01b0725797f99b-paragraph   \">Als nach ISO-Norm 14001:2015 zertifiziertes Unternehmen verfolgt die <span class=\"themecolor\"> Medicalis <\/span> diese Ziele mit 20 spezifischen Versprechen.<\/p>\n<\/div><\/div><\/div><\/div><\/div><\/div><\/div><\/div><\/div><\/div><\/div><\/div><img decoding=\"async\" loading=\"lazy\" class=\"n2-ss-slide-thumbnail skip-lazy\" data-skip-lazy=\"1\" src=\"\/\/www.medicalis.ch\/wp-content\/uploads\/slider31\/istock-695058990_super-scaled2.jpg\" alt=\"Nachhaltige Entwicklung\"><\/div>                    <\/div>\n\n                                    <\/div>\n            <\/div>\n        <\/div>\n        <\/div><ss3-loader><\/ss3-loader><\/div><\/div><div class=\"n2_clear\"><\/div><\/div><\/ss3-force-full-width><\/div>","protected":false},"excerpt":{"rendered":"<p> [&#8230;]<\/p>\n<p><a class=\"btn btn-secondary understrap-read-more-link\" href=\"https:\/\/www.medicalis.ch\/de\/nachhaltige-entwicklung\/\">Weiterlesen&#8230;<span class=\"screen-reader-text\"> from Nachhaltige Entwicklung<\/span><\/a><\/p>\n","protected":false},"author":1,"featured_media":0,"parent":0,"menu_order":0,"comment_status":"closed","ping_status":"closed","template":"","meta":{"_monsterinsights_skip_tracking":false,"_monsterinsights_sitenote_active":false,"_monsterinsights_sitenote_note":"","_monsterinsights_sitenote_category":0,"footnotes":""},"class_list":["post-1246299","page","type-page","status-publish","hentry"],"yoast_head":"<!-- This site is optimized with the Yoast SEO plugin v26.9 - https:\/\/yoast.com\/product\/yoast-seo-wordpress\/ -->\n<title>Nachhaltige Entwicklung - Medicalis<\/title>\n<meta name=\"robots\" content=\"index, follow, max-snippet:-1, max-image-preview:large, max-video-preview:-1\" \/>\n<link rel=\"canonical\" href=\"https:\/\/interiman-group.ch\/de\/unsere-werte\/\" \/>\n<meta property=\"og:locale\" content=\"de_DE\" \/>\n<meta property=\"og:type\" content=\"article\" \/>\n<meta property=\"og:title\" content=\"Nachhaltige Entwicklung - Medicalis\" \/>\n<meta property=\"og:description\" content=\"[...]Weiterlesen... from Nachhaltige Entwicklung\" \/>\n<meta property=\"og:url\" content=\"https:\/\/interiman-group.ch\/de\/unsere-werte\/\" \/>\n<meta property=\"og:site_name\" content=\"Medicalis\" \/>\n<meta property=\"article:publisher\" content=\"https:\/\/www.facebook.com\/Medicalis-1737325559702106\/\" \/>\n<meta property=\"article:modified_time\" content=\"2023-02-28T13:00:41+00:00\" \/>\n<meta property=\"og:image\" content=\"https:\/\/www.medicalis.ch\/wp-content\/uploads\/2022\/06\/MEDICALIS_Logo_CMJN.jpg\" \/>\n\t<meta property=\"og:image:width\" content=\"520\" \/>\n\t<meta property=\"og:image:height\" content=\"270\" \/>\n\t<meta property=\"og:image:type\" content=\"image\/jpeg\" \/>\n<meta name=\"twitter:card\" content=\"summary_large_image\" \/>\n<meta name=\"twitter:label1\" content=\"Gesch\u00e4tzte Lesezeit\" \/>\n\t<meta name=\"twitter:data1\" content=\"1\u00a0Minute\" \/>\n<script type=\"application\/ld+json\" class=\"yoast-schema-graph\">{\"@context\":\"https:\/\/schema.org\",\"@graph\":[{\"@type\":\"WebPage\",\"@id\":\"https:\/\/www.medicalis.ch\/de\/nachhaltige-entwicklung\/\",\"url\":\"https:\/\/interiman-group.ch\/de\/unsere-werte\/\",\"name\":\"Nachhaltige Entwicklung - Medicalis\",\"isPartOf\":{\"@id\":\"https:\/\/www.medicalis.ch\/de\/#website\"},\"datePublished\":\"2022-04-28T13:50:29+00:00\",\"dateModified\":\"2023-02-28T13:00:41+00:00\",\"breadcrumb\":{\"@id\":\"https:\/\/interiman-group.ch\/de\/unsere-werte\/#breadcrumb\"},\"inLanguage\":\"de\",\"potentialAction\":[{\"@type\":\"ReadAction\",\"target\":[\"https:\/\/interiman-group.ch\/de\/unsere-werte\/\"]}]},{\"@type\":\"BreadcrumbList\",\"@id\":\"https:\/\/interiman-group.ch\/de\/unsere-werte\/#breadcrumb\",\"itemListElement\":[{\"@type\":\"ListItem\",\"position\":1,\"name\":\"Accueil\",\"item\":\"https:\/\/www.medicalis.ch\/de\/\"},{\"@type\":\"ListItem\",\"position\":2,\"name\":\"Nachhaltige Entwicklung\"}]},{\"@type\":\"WebSite\",\"@id\":\"https:\/\/www.medicalis.ch\/de\/#website\",\"url\":\"https:\/\/www.medicalis.ch\/de\/\",\"name\":\"Medicalis\",\"description\":\"\",\"publisher\":{\"@id\":\"https:\/\/www.medicalis.ch\/de\/#organization\"},\"potentialAction\":[{\"@type\":\"SearchAction\",\"target\":{\"@type\":\"EntryPoint\",\"urlTemplate\":\"https:\/\/www.medicalis.ch\/de\/?s={search_term_string}\"},\"query-input\":{\"@type\":\"PropertyValueSpecification\",\"valueRequired\":true,\"valueName\":\"search_term_string\"}}],\"inLanguage\":\"de\"},{\"@type\":\"Organization\",\"@id\":\"https:\/\/www.medicalis.ch\/de\/#organization\",\"name\":\"Medicalis\",\"url\":\"https:\/\/www.medicalis.ch\/de\/\",\"logo\":{\"@type\":\"ImageObject\",\"inLanguage\":\"de\",\"@id\":\"https:\/\/www.medicalis.ch\/de\/#\/schema\/logo\/image\/\",\"url\":\"https:\/\/www.medicalis.ch\/wp-content\/uploads\/2022\/12\/Medicalis_logotype_RVB_217x68.png\",\"contentUrl\":\"https:\/\/www.medicalis.ch\/wp-content\/uploads\/2022\/12\/Medicalis_logotype_RVB_217x68.png\",\"width\":217,\"height\":68,\"caption\":\"Medicalis\"},\"image\":{\"@id\":\"https:\/\/www.medicalis.ch\/de\/#\/schema\/logo\/image\/\"},\"sameAs\":[\"https:\/\/www.facebook.com\/Medicalis-1737325559702106\/\",\"https:\/\/www.linkedin.com\/company\/19057976\/\"]}]}<\/script>\n<!-- \/ Yoast SEO plugin. -->","yoast_head_json":{"title":"Nachhaltige Entwicklung - Medicalis","robots":{"index":"index","follow":"follow","max-snippet":"max-snippet:-1","max-image-preview":"max-image-preview:large","max-video-preview":"max-video-preview:-1"},"canonical":"https:\/\/interiman-group.ch\/de\/unsere-werte\/","og_locale":"de_DE","og_type":"article","og_title":"Nachhaltige Entwicklung - Medicalis","og_description":"[...]Weiterlesen... from Nachhaltige Entwicklung","og_url":"https:\/\/interiman-group.ch\/de\/unsere-werte\/","og_site_name":"Medicalis","article_publisher":"https:\/\/www.facebook.com\/Medicalis-1737325559702106\/","article_modified_time":"2023-02-28T13:00:41+00:00","og_image":[{"width":520,"height":270,"url":"https:\/\/www.medicalis.ch\/wp-content\/uploads\/2022\/06\/MEDICALIS_Logo_CMJN.jpg","type":"image\/jpeg"}],"twitter_card":"summary_large_image","twitter_misc":{"Gesch\u00e4tzte Lesezeit":"1\u00a0Minute"},"schema":{"@context":"https:\/\/schema.org","@graph":[{"@type":"WebPage","@id":"https:\/\/www.medicalis.ch\/de\/nachhaltige-entwicklung\/","url":"https:\/\/interiman-group.ch\/de\/unsere-werte\/","name":"Nachhaltige Entwicklung - Medicalis","isPartOf":{"@id":"https:\/\/www.medicalis.ch\/de\/#website"},"datePublished":"2022-04-28T13:50:29+00:00","dateModified":"2023-02-28T13:00:41+00:00","breadcrumb":{"@id":"https:\/\/interiman-group.ch\/de\/unsere-werte\/#breadcrumb"},"inLanguage":"de","potentialAction":[{"@type":"ReadAction","target":["https:\/\/interiman-group.ch\/de\/unsere-werte\/"]}]},{"@type":"BreadcrumbList","@id":"https:\/\/interiman-group.ch\/de\/unsere-werte\/#breadcrumb","itemListElement":[{"@type":"ListItem","position":1,"name":"Accueil","item":"https:\/\/www.medicalis.ch\/de\/"},{"@type":"ListItem","position":2,"name":"Nachhaltige Entwicklung"}]},{"@type":"WebSite","@id":"https:\/\/www.medicalis.ch\/de\/#website","url":"https:\/\/www.medicalis.ch\/de\/","name":"Medicalis","description":"","publisher":{"@id":"https:\/\/www.medicalis.ch\/de\/#organization"},"potentialAction":[{"@type":"SearchAction","target":{"@type":"EntryPoint","urlTemplate":"https:\/\/www.medicalis.ch\/de\/?s={search_term_string}"},"query-input":{"@type":"PropertyValueSpecification","valueRequired":true,"valueName":"search_term_string"}}],"inLanguage":"de"},{"@type":"Organization","@id":"https:\/\/www.medicalis.ch\/de\/#organization","name":"Medicalis","url":"https:\/\/www.medicalis.ch\/de\/","logo":{"@type":"ImageObject","inLanguage":"de","@id":"https:\/\/www.medicalis.ch\/de\/#\/schema\/logo\/image\/","url":"https:\/\/www.medicalis.ch\/wp-content\/uploads\/2022\/12\/Medicalis_logotype_RVB_217x68.png","contentUrl":"https:\/\/www.medicalis.ch\/wp-content\/uploads\/2022\/12\/Medicalis_logotype_RVB_217x68.png","width":217,"height":68,"caption":"Medicalis"},"image":{"@id":"https:\/\/www.medicalis.ch\/de\/#\/schema\/logo\/image\/"},"sameAs":["https:\/\/www.facebook.com\/Medicalis-1737325559702106\/","https:\/\/www.linkedin.com\/company\/19057976\/"]}]}},"_links":{"self":[{"href":"https:\/\/www.medicalis.ch\/de\/wp-json\/wp\/v2\/pages\/1246299","targetHints":{"allow":["GET"]}}],"collection":[{"href":"https:\/\/www.medicalis.ch\/de\/wp-json\/wp\/v2\/pages"}],"about":[{"href":"https:\/\/www.medicalis.ch\/de\/wp-json\/wp\/v2\/types\/page"}],"author":[{"embeddable":true,"href":"https:\/\/www.medicalis.ch\/de\/wp-json\/wp\/v2\/users\/1"}],"replies":[{"embeddable":true,"href":"https:\/\/www.medicalis.ch\/de\/wp-json\/wp\/v2\/comments?post=1246299"}],"version-history":[{"count":1,"href":"https:\/\/www.medicalis.ch\/de\/wp-json\/wp\/v2\/pages\/1246299\/revisions"}],"predecessor-version":[{"id":1246301,"href":"https:\/\/www.medicalis.ch\/de\/wp-json\/wp\/v2\/pages\/1246299\/revisions\/1246301"}],"wp:attachment":[{"href":"https:\/\/www.medicalis.ch\/de\/wp-json\/wp\/v2\/media?parent=1246299"}],"curies":[{"name":"wp","href":"https:\/\/api.w.org\/{rel}","templated":true}]}}