{"id":1246508,"date":"2022-03-22T13:12:30","date_gmt":"2022-03-22T12:12:30","guid":{"rendered":"http:\/\/medicalis.igs-preprod.ch\/?page_id=1246508"},"modified":"2022-10-14T13:56:53","modified_gmt":"2022-10-14T11:56:53","slug":"datenschutzbestimmungen","status":"publish","type":"page","link":"https:\/\/www.medicalis.ch\/de\/datenschutzbestimmungen\/","title":{"rendered":"Datenschutzbestimmungen"},"content":{"rendered":"\n<div class=\"page-header\" style=\"margin-top:0\">\n<h1 style=\"font-weight:600;\">Datenschutz<span class=\"themecolor\">bestimmungen<\/span><\/h1>\n<\/div>\n\n\n\n<p><\/p>\n\n\n\n<h3 class=\"wp-block-heading\">1.1.1&nbsp;&nbsp;&nbsp;&nbsp;&nbsp;&nbsp;&nbsp;&nbsp; Die Datenschutzbestimmungen von Interiman Group Services<\/h3>\n\n\n\n<p>Wenn Sie Ihre pers\u00f6nlichen Daten an Interiman Group Services AG \u00fcbermitteln, geben Sie uns die Erlaubnis, diese Informationen f\u00fcr die Stellensuche zu verwenden. Interiman Group Services behandelt diese Informationen vertraulich und gibt sie nur zum Zweck der Stellensuche an Dritte weiter.<\/p>\n\n\n\n<p>Mit dieser Datenschutzerkl\u00e4rung m\u00f6chten wir die Nutzer unserer Webseite, die Bewerber und unsere Mitarbeiter \u00fcber den Datenschutz bei der Interiman Group Services informieren. Selbstverst\u00e4ndlich beachten wir die gesetzlichen Bestimmungen des Schweizer Datenschutzgesetzes (DSG), der Datenschutz-Grundverordnung der EU und anderer datenschutzrechtlicher Bestimmungen.<\/p>\n\n\n\n<p>Diese Datenschutzerkl\u00e4rung erkl\u00e4rt, f\u00fcr welche Zwecke und auf welche Weise wir personenbezogene Daten bearbeiten, wer Zugang zu diesen Daten hat und an wen diese Daten weitergegeben werden. Ausserdem informieren wir Sie auch \u00fcber Ihre Rechte in Bezug auf Personendaten.<\/p>\n\n\n\n<p>Verantwortliche Stelle im Sinne des DSG ist die Interiman Group Service AG, Av. des Baumettes 5\/7, 1020 Renens (nachfolgend \u00ab IGS\u00bb).<\/p>\n\n\n\n<p>Unsere verschiedenen Tools sind gegen Verlust, Zerst\u00f6rung, Zugriff, Verbreitung oder Ver\u00e4nderung der Daten durch unbefugte Personen gesch\u00fctzt. Unsere verschiedenen Datenspeicherbereiche garantieren eine vertrauliche Behandlung und sind nur mit einem pers\u00f6nlichen Benutzernamen und Passwort zug\u00e4nglich.<\/p>\n\n\n\n<p>Interiman Group Services weist darauf hin, dass die Daten\u00fcbertragung im Internet (z.B. bei der Kommunikation per E-Mail) Sicherheitsl\u00fccken aufweisen kann. Ein l\u00fcckenloser Schutz der Daten vor dem Zugriff durch Dritte ist nicht m\u00f6glich.<\/p>\n\n\n\n<p>Bei Nachfragen, k\u00f6nnen Sie den Datenschutzberater der Interiman Group Services AG unter folgendem Kontakt erreichen:<\/p>\n\n\n\n<p>Interiman Group Service SA<\/p>\n\n\n\n<p>D\u00e9partement protection des donn\u00e9es<br>Av. des Baumettes 5\/7<br>1020 Renens<br><a href=\"mailto:protectiondesdonnees@interiman-group.ch\">protectiondesdonnees@interiman-group.ch<\/a><\/p>\n\n\n\n<h3 class=\"wp-block-heading\" style=\"margin-top:40px\">1.1.2&nbsp;&nbsp;&nbsp;&nbsp;&nbsp;&nbsp;&nbsp;&nbsp; Welche Daten erheben wir&nbsp;?<\/h3>\n\n\n\n<p>Wir erfassen Ihre Kontaktdaten (z.B. Name, Postanschrift, E-Mail-Adresse und Telefonnummern).<\/p>\n\n\n\n<p>Da Sie Nutzer unserer Websites oder Apps sind, erfassen wir Informationen \u00fcber Ihre Nutzung (IP-Adresse, Datum und Uhrzeit, angeforderter Dienst usw.) und speichern auch Cookies. Wenn Sie ein pers\u00f6nliches Konto haben, erfassen wir die daf\u00fcr notwendigen Informationen wie Benutzername und Passwort. F\u00fcr weitere Informationen konsultieren Sie bitte und unsere Cookie-Richtlinien f\u00fcr jede betroffene Website oder App.<\/p>\n\n\n\n<p>Wenn Sie uns bitten, ein Konto zu er\u00f6ffnen oder Ihnen Dienstleistungen wie eine Vermittlung an unsere Kunden anzubieten, erfassen wir auch die notwendigen Informationen, die in der Regel in einem Lebenslauf enthalten sind, wie z. B.:<\/p>\n\n\n\n<p><strong>F\u00fcr Kandidaten, die sich registrieren und ihre Akte einreichen<\/strong><\/p>\n\n\n\n<ul class=\"wp-block-list\"><li>Geburtsdatum, Geschlecht, Nationalit\u00e4t und Niederlassungsbewilligung<\/li><li>Ihre beruflichen Qualifikationen, die Sie uns in Ihrem Lebenslauf mitgeteilt haben und die f\u00fcr eine m\u00f6gliche Stelle n\u00fctzlich sind<\/li><li>Falls Sie sie uns zur Verf\u00fcgung stellen, Ihr Foto, Strafregisterausz\u00fcge und Betreibungsausk\u00fcnfte<\/li><\/ul>\n\n\n\n<p><strong>F\u00fcr Mitarbeiter, die einen Arbeitsauftrag ausf\u00fchren oder ausgef\u00fchrt haben<\/strong><\/p>\n\n\n\n<ul class=\"wp-block-list\"><li>Ihre Bankverbindung, Ihre AHV-Nummer und die Angaben auf Ihrem Ausweisdokument<\/li><li>Vertrags-, Lohn-, Steuer- oder sonstige Informationen, die f\u00fcr die Bearbeitung Ihres Vertrags ben\u00f6tigt werden und es uns erm\u00f6glichen, unseren Verpflichtungen als Ihr Arbeitgeber nachzukommen (gearbeitete Zeit, Ferien, Krankheit oder Unfalls-erkl\u00e4rung)<\/li><li>Falls Sie sie angeben, die Kontaktdaten von im Notfall zu kontaktierenden Personen<\/li><\/ul>\n\n\n\n<p>Die Datenbearbeitung gilt auch f\u00fcr sensible Daten im Sinne von Art. 3 Buchstabe c des Bundesgesetzes \u00fcber den Datenschutz (DSG) oder besondere Kategorien von personenbezogenen Daten im Sinne von Art. 9 der Datenschutz-Grundverordnung der EU. Dazu z\u00e4hlen beispielsweise Daten \u00fcber politische Einstellungen, religi\u00f6se \u00dcberzeugungen, die k\u00f6rperliche oder geistige Gesundheit oder ein Foto, das die ethnische Herkunft zeigt. Wenn Sie solche Informationen in Ihren Bewerbungsunterlagen angeben, erkl\u00e4ren Sie sich ausdr\u00fccklich damit einverstanden, dass wir diese Informationen speichern, verarbeiten und \u00fcbermitteln d\u00fcrfen.<\/p>\n\n\n\n<h3 class=\"wp-block-heading\" style=\"margin-top:40px\">1.1.3&nbsp;&nbsp;&nbsp;&nbsp;&nbsp;&nbsp;&nbsp;&nbsp; Wie verwenden wir diese Informationen?<\/h3>\n\n\n\n<p>Wir f\u00fchren alle unsere Verarbeitungen auf rechtlichen Grundlagen durch, die einer der folgenden Kategorien entsprechen:<\/p>\n\n\n\n<ul class=\"wp-block-list\"><li>Ihrer Einwilligung in Form eines unterzeichneten Dokuments (Einwilligung, Anmeldungsformular, Arbeitsvertrag oder Rahmenvertrag)<\/li><li>Der Erf\u00fcllung gesetzlichen, reglementarischer oder vertraglicher Anforderungen (z.B. Gew\u00e4hrleistung der Verarbeitung Ihrer L\u00f6hne oder Sozialversicherungsbeitr\u00e4ge<\/li><li>Unseren berechtigten Interessen, die im folgenden Abschnitt beschrieben werden<\/li><\/ul>\n\n\n\n<p>Wir verwenden Ihre personenbezogenen Daten zu folgenden Zwecken:<\/p>\n\n\n\n<ul class=\"wp-block-list\"><li>Verwalten unserer Vertr\u00e4ge mit Ihnen<\/li><li>Verarbeitung und Zahlung von L\u00f6hnen<\/li><li>Verwalten unserer Kunden- und Lieferantenbeziehungen<\/li><li>Gem\u00e4ss den Benutzungsbestimmungen unserer Websites z. B. zum Senden von Werbematerial, Newslettern oder Benachrichtigungen \u00fcber offene Stellen<\/li><li>Durchf\u00fchren von Direktmarketing-Aktionen wie Werbekampagnen, Angebote, Umfragen, Wettbewerbe, Newsletter, Marktforschung oder spezielle Events<\/li><li>Erstellen und Verwalten Ihrer Konten auf unseren Websites und in unseren Apps<\/li><li>Selbstschutz vor Betrug und anderen illegalen Aktivit\u00e4ten, indem wir versuchen, diese zu identifizieren und zu verhindern, sowie bei Betreibungen oder anderen Anspr\u00fcchen<\/li><li>Entwicklung unserer Dienstleistungen, der Verwaltung unserer Mitteilungen, der Analyse von Daten und der Erledigung interner Funktionen wie Buchhaltung usw.)<\/li><li>Beantworten Ihrer Anfragen und Beschwerden<\/li><li>Erf\u00fcllung der geltenden gesetzlichen Bestimmungen, der Branchenstandards, unserer vertraglichen Verpflichtungen und unserer internen Richtlinien<\/li><\/ul>\n\n\n\n<p>Wenn Sie ein Kandidat oder Tempor\u00e4rmitarbeitender sind und ein Konto auf unseren Websites haben oder sich \u00fcber unseren Websites beworben haben, verwenden wir Ihre personenbezogenen Daten zus\u00e4tzlich zu den oben genannten Aktivit\u00e4ten auch zu folgenden Zwecken:<\/p>\n\n\n\n<ul class=\"wp-block-list\"><li>Beurteilung Ihrer Eignung und Qualifikationen als Kandidat f\u00fcr eine m\u00f6gliche Stelle<\/li><li>Unterbreitung von Angeboten f\u00fcr Besch\u00e4ftigungsm\u00f6glichkeiten und Arbeit<\/li><li>Bereitstellung von HR-Dienstleistungen, einschliesslich Sozialleistungsprogrammen, Einstellung f\u00fcr einen Arbeitsauftrag, Lohnzahlung, Leistungsmanagement und Disziplinarmassnahmen<\/li><li>Anbieten zus\u00e4tzlicher Dienstleistungen, wie z. B. Ausbildung, Berufsberatung und Karriereberatungsdienste mit der Hilfe unserer verschiedenen Unternehmen<\/li><li>Durchf\u00fchrung statistischer Analysen von Daten, wie z. B. die Analyse unseres Kandidaten- und Tempor\u00e4rmitarbeitendenpools, die Beurteilung individueller Leistungen und F\u00e4higkeiten, einschliesslich der Bewertung berufsbezogener F\u00e4higkeiten, die Ermittlung von Fachkr\u00e4ftemangel, Ann\u00e4herung zwischen Personen und potenziellen Besch\u00e4ftigungsm\u00f6glichkeiten und die Analyse von \u00abPipeline-Daten\u00bb (Trends in der Einstellungspraxis)<\/li><\/ul>\n\n\n\n<p>Wir k\u00f6nnen Ihre Daten auch zu anderen Zwecken verwenden, sofern wir Sie sp\u00e4testens zum Zeitpunkt der Erfassung der Daten ausdr\u00fccklich dar\u00fcber informieren. Ihre Einwilligung wird immer eingeholt.<\/p>\n\n\n\n<h3 class=\"wp-block-heading\" style=\"margin-top:40px\">1.1.4&nbsp;&nbsp;&nbsp;&nbsp;&nbsp;&nbsp;&nbsp;&nbsp; Was sind unsere berechtigten Interessen?<\/h3>\n\n\n\n<p>Die Interessen von Interiman Group Services sind personenbezogene Daten f\u00fcr legitime Gesch\u00e4ftszwecke, darunter:<\/p>\n\n\n\n<ul class=\"wp-block-list\"><li>Die Erkennung und Verh\u00fctung von Betrug<\/li><li>Die Verbesserung der Sicherheit unseres Netzwerks und unserer Informationssysteme<\/li><li>Die Analyse, Optimierung, Entwicklung oder allgemein die \u00c4nderung unserer Dienstleistungen<\/li><li>Das bessere Verst\u00e4ndnis der Interaktionen unserer Besucher mit unseren Websites<\/li><li>Das Direktmarketing sowie die Messung der Wirksamkeit von Werbekampagnen und Werbung<\/li><li>Die postalische Zusendung von Mitteilungen, die wir f\u00fcr Sie als interessant erachten<\/li><\/ul>\n\n\n\n<p>Immer wenn wir Daten zu diesen Zwecken verarbeiten, achten wir sorgf\u00e4ltig darauf, dass Ihre Rechte geachtet und gewahrt werden. Sie haben jederzeit das Recht, einer solchen Verarbeitung zu widersprechen.<\/p>\n\n\n\n<h3 class=\"wp-block-heading\" style=\"margin-top:40px\">1.1.5&nbsp;&nbsp;&nbsp;&nbsp;&nbsp;&nbsp;&nbsp;&nbsp; Wie lange speichern wir Ihre personenbezogenen Daten?<\/h3>\n\n\n\n<p>Wir speichern die personenbezogenen Daten so lange in unseren Systemen, wie sie f\u00fcr unsere Verarbeitungen und zur Erf\u00fcllung unserer gesetzlichen Verpflichtungen ben\u00f6tigt werden.<\/p>\n\n\n\n<h3 class=\"wp-block-heading\" style=\"margin-top:40px\">1.1.6&nbsp;&nbsp;&nbsp;&nbsp;&nbsp;&nbsp;&nbsp;&nbsp; Welche Informationen geben wir weiter?<\/h3>\n\n\n\n<p>Wir geben die personenbezogenen Daten, die wir \u00fcber Sie sammeln, nicht weiter, mit Ausnahme der F\u00e4lle, die in dieser Vertraulichkeitsklausel oder den spezifischen Klauseln, die im Rahmen spezifischer Aktivit\u00e4ten und mit Ihrer Einwilligung bereitgestellt wurden, dargelegt sind.<\/p>\n\n\n\n<p>Um die gute Verwaltung unserer Dienste zu gew\u00e4hrleisten, k\u00f6nnen wir Ihre personenbezogenen Daten an unsere Lieferanten weitergeben, die in unserem Namen und nur auf Grundlage unserer Anweisungen Dienstleistungen erbringen. Wir haben unsere Lieferanten verpflichtet, Ihre Daten vertraulich zu behandeln, und wir erm\u00e4chtigen diese Lieferanten nicht, Ihre personenbezogenen Daten zu verwenden oder offenzulegen, es sei denn, dies geschieht zur Bereitstellung dieser Dienstleistungen in unserem Namen oder zur Erf\u00fcllung gesetzlicher Bestimmungen.<\/p>\n\n\n\n<p>Wir k\u00f6nnen Ihre personenbezogenen Daten auch (1) an unsere Tochtergesellschaften, (2) wenn Sie ein Kandidat f\u00fcr eine Stelle sind, an unsere Kunden, die Besch\u00e4ftigungsm\u00f6glichkeiten anbieten k\u00f6nnen, und (3) an andere Personen, mit denen wir zusammenarbeiten, wie z.B. Vermittlungsberater oder Auftragsverarbeiter weitergeben, um eine Besch\u00e4ftigung f\u00fcr Sie zu finden.<\/p>\n\n\n\n<p>Dar\u00fcber hinaus k\u00f6nnen wir Sie betreffende personenbezogene Daten offenlegen, und zwar (1) wenn dies gesetzlich oder gerichtlich vorgeschrieben ist, (2) gegen\u00fcber Strafverfolgungsbeh\u00f6rden oder auf der Grundlage einer gesetzlichen Aufforderung zur Offenlegung und (3) wenn wir der Meinung sind, dass die Offenlegung zur Verhinderung von K\u00f6rperverletzungen, Sch\u00e4den oder finanziellen Verlusten oder im Zuge der Untersuchung vermuteter illegaler oder betr\u00fcgerischer Aktivit\u00e4ten angemessen ist.<\/p>\n\n\n\n<p>Es ist m\u00f6glich, dass manche Unternehmen, an die Interiman Group Services die Personenbezogenen Daten weiterleitet, ihren Sitz nicht in der Schweiz oder einem Mitgliedsstaat der EU haben und daher nicht dem innerhalb der EU standardisierte Schutzniveau entsprechen. In diesem Fall, trifft Interiman Group Services Vorsichtsmassnahmen, dass jene Unternehmen, die ihren Sitz nicht in der EU haben und Ihre Personenbezogenen Daten verarbeiten, einen ad\u00e4quaten Schutz f\u00fcr diese Verarbeitung von Daten garantieren. Interiman Group Services teilt Ihnen den Namen des Staates mit, an den die Daten \u00fcbermittelt wurden, sowie die Garantien f\u00fcr ein angemessenes Schutzniveau (z.B. Vertrag zwischen Interiman Group Services und dem f\u00fcr die Datenverarbeitung Verantwortlichen oder Ihre Einwilligung).&nbsp; <strong><br><\/strong><\/p>\n\n\n\n<h3 class=\"wp-block-heading\" style=\"margin-top:40px\">1.1.7&nbsp;&nbsp;&nbsp;&nbsp;&nbsp;&nbsp;&nbsp;&nbsp; Ihre Rechte&nbsp;?<\/h3>\n\n\n\n<p>Das \u00abRecht auf Auskunft\u00bb gibt Ihnen das Recht, jederzeit Einsicht in Ihre bzw. Information \u00fcber Ihre von Interiman Group Services gespeicherten Personendatendaten zu erhalten. Sie haben auch ein \u00abRecht auf Richtigstellung\u00bb und k\u00f6nnen somit falsche oder unvollst\u00e4ndig gespeicherte Personendaten korrigieren bzw. vervollst\u00e4ndigen. Schlussendlich haben Sie ein \u00abRecht auf L\u00f6schung\u00bb, das es Ihnen erm\u00f6glicht Ihre gespeicherten Personendaten zu l\u00f6schen bzw. diese einzuschr\u00e4nken, soweit dies mit der Erf\u00fcllung unserer gesetzlichen oder vertraglichen Verpflichtungen vereinbar ist.<\/p>\n\n\n\n<p>Dar\u00fcber hinaus k\u00f6nnen Sie abgegebene Zustimmungserkl\u00e4rung jederzeit widerrufen. Durch den Widerruf wird die Rechtm\u00e4ssigkeit der aufgrund der Einwilligung erfolgten Bearbeitung nicht ber\u00fchrt und durch den nachtr\u00e4glichen Wegfall der Zustimmungserkl\u00e4rung nicht unrechtm\u00e4ssig.<\/p>\n\n\n\n<p>Der Schutz Ihrer Daten ist uns besonders wichtig. F\u00fcr Anfragen aller Art zur Aus\u00fcbung Ihrer Rechte bzw. zu dieser Datenschutzerkl\u00e4rung richten Sie bitte an den Datenschutzberater von Interiman Group Services unter folgender Emailadresse:&nbsp;<a href=\"mailto:protectiondesdonnees@interiman-group.ch\">protectiondesdonnees@interiman-group.ch<\/a>.<\/p>\n\n\n\n<h3 class=\"wp-block-heading\" style=\"margin-top:40px\">1.1.8&nbsp;&nbsp;&nbsp;&nbsp;&nbsp;&nbsp;&nbsp;&nbsp; Aktualisierung unserer Vertraulichkeitsklausel<\/h3>\n\n\n\n<p>Diese Vertraulichkeitsklausel (mit ihren Anh\u00e4ngen) kann jederzeit an \u00c4nderungen unserer Datenschutzpraktiken oder des rechtlichen Rahmens angepasst werden. Bei wichtigen \u00c4nderungen werden wir uns bem\u00fchen, Sie insbesondere durch eine Nachricht auf unserer Website dar\u00fcber in Kenntnis zu setzen. Auf jeden Fall empfehlen wir Ihnen, die Version dieser Klausel zu \u00fcberpr\u00fcfen. Massgebend ist die auf unserer Website ver\u00f6ffentlichte Version.<\/p>\n\n\n\n<h3 class=\"wp-block-heading\" style=\"margin-top:40px\">1.1.9&nbsp;&nbsp;&nbsp;&nbsp;&nbsp;&nbsp;&nbsp;&nbsp; Wie k\u00f6nnen Sie Ihre Rechte aus\u00fcben?<\/h3>\n\n\n\n<p>Um Ihre Rechte auszu\u00fcben oder die L\u00f6schung Ihrer Daten zu beantragen, wenden Sie sich bitte schriftlich an<\/p>\n\n\n\n<ul class=\"wp-block-list\"><li>Ihr Berater oder<ul><li>Der Sitz des Unternehmens \u00fcber die Adresse <a href=\"mailto:protectiondesdonnees@interiman-group.ch\">protectiondesdonnees@interiman-group.ch<\/a><\/li><\/ul><\/li><\/ul>\n\n\n\n<p>Bitte beachten Sie, dass die Aus\u00fcbung Ihres Widerspruchsrechts unsere F\u00e4higkeit zur Erbringung und Bereitstellung von Dienstleistungen f\u00fcr Sie beeintr\u00e4chtigen kann. Sie k\u00f6nnen Ihren Widerspruch jederzeit zur\u00fcckziehen.<\/p>\n\n\n\n<p>Zur Erinnerung: Interiman Group Services SA, erhebt keine Registrierungsgeb\u00fchren. Wenn Sie also glauben, Opfer eines Betrugsversuchs zu sein, kontaktieren Sie uns bitte so schnell wie m\u00f6glich.<\/p>\n\n\n\n<h3 class=\"wp-block-heading\" style=\"margin-top:40px\">1.1.10&nbsp;&nbsp;&nbsp;&nbsp;&nbsp; Copyright<\/h3>\n\n\n\n<p>Jegliche Reproduktion in Bezug auf den Inhalt unserer verschiedenen Sites und Apps wie Texte, Bilder, Inhalte usw. ist verboten.<\/p>\n\n\n\n<p>im Streitfall ist die franz\u00f6sische Fassung ma\u00dfgebend<\/p>\n","protected":false},"excerpt":{"rendered":"<p>Datenschutzbestimmungen 1.1.1&nbsp;&nbsp;&nbsp;&nbsp;&nbsp;&nbsp;&nbsp;&nbsp; Die Datenschutzbestimmungen von Interiman Group Services Wenn Sie Ihre pers\u00f6nlichen Daten an Interiman Group Services AG \u00fcbermitteln, geben Sie uns die Erlaubnis, diese Informationen f\u00fcr die Stellensuche zu verwenden. Interiman Group Services behandelt diese Informationen vertraulich und gibt sie nur zum Zweck der Stellensuche an Dritte weiter. Mit dieser Datenschutzerkl\u00e4rung m\u00f6chten wir die [&#8230;]<\/p>\n<p><a class=\"btn btn-secondary understrap-read-more-link\" href=\"https:\/\/www.medicalis.ch\/de\/datenschutzbestimmungen\/\">Weiterlesen&#8230;<span class=\"screen-reader-text\"> from Datenschutzbestimmungen<\/span><\/a><\/p>\n","protected":false},"author":1,"featured_media":0,"parent":0,"menu_order":0,"comment_status":"closed","ping_status":"open","template":"politique-confidentialite.php","meta":{"_monsterinsights_skip_tracking":false,"_monsterinsights_sitenote_active":false,"_monsterinsights_sitenote_note":"","_monsterinsights_sitenote_category":0,"footnotes":""},"class_list":["post-1246508","page","type-page","status-publish","hentry"],"yoast_head":"<!-- This site is optimized with the Yoast SEO plugin v26.9 - https:\/\/yoast.com\/product\/yoast-seo-wordpress\/ -->\n<title>Datenschutzbestimmungen - Medicalis<\/title>\n<meta name=\"robots\" content=\"index, follow, max-snippet:-1, max-image-preview:large, max-video-preview:-1\" \/>\n<link rel=\"canonical\" href=\"https:\/\/www.medicalis.ch\/de\/datenschutzbestimmungen\/\" \/>\n<meta property=\"og:locale\" content=\"de_DE\" \/>\n<meta property=\"og:type\" content=\"article\" \/>\n<meta property=\"og:title\" content=\"Datenschutzbestimmungen - Medicalis\" \/>\n<meta property=\"og:description\" content=\"Datenschutzbestimmungen 1.1.1&nbsp;&nbsp;&nbsp;&nbsp;&nbsp;&nbsp;&nbsp;&nbsp; Die Datenschutzbestimmungen von Interiman Group Services Wenn Sie Ihre pers\u00f6nlichen Daten an Interiman Group Services AG \u00fcbermitteln, geben Sie uns die Erlaubnis, diese Informationen f\u00fcr die Stellensuche zu verwenden. Interiman Group Services behandelt diese Informationen vertraulich und gibt sie nur zum Zweck der Stellensuche an Dritte weiter. Mit dieser Datenschutzerkl\u00e4rung m\u00f6chten wir die [...]Weiterlesen... from Datenschutzbestimmungen\" \/>\n<meta property=\"og:url\" content=\"https:\/\/www.medicalis.ch\/de\/datenschutzbestimmungen\/\" \/>\n<meta property=\"og:site_name\" content=\"Medicalis\" \/>\n<meta property=\"article:publisher\" content=\"https:\/\/www.facebook.com\/Medicalis-1737325559702106\/\" \/>\n<meta property=\"article:modified_time\" content=\"2022-10-14T11:56:53+00:00\" \/>\n<meta property=\"og:image\" content=\"https:\/\/www.medicalis.ch\/wp-content\/uploads\/2022\/06\/MEDICALIS_Logo_CMJN.jpg\" \/>\n\t<meta property=\"og:image:width\" content=\"520\" \/>\n\t<meta property=\"og:image:height\" content=\"270\" \/>\n\t<meta property=\"og:image:type\" content=\"image\/jpeg\" \/>\n<meta name=\"twitter:card\" content=\"summary_large_image\" \/>\n<meta name=\"twitter:label1\" content=\"Gesch\u00e4tzte Lesezeit\" \/>\n\t<meta name=\"twitter:data1\" content=\"9\u00a0Minuten\" \/>\n<script type=\"application\/ld+json\" class=\"yoast-schema-graph\">{\"@context\":\"https:\/\/schema.org\",\"@graph\":[{\"@type\":\"WebPage\",\"@id\":\"https:\/\/www.medicalis.ch\/de\/datenschutzbestimmungen\/\",\"url\":\"https:\/\/www.medicalis.ch\/de\/datenschutzbestimmungen\/\",\"name\":\"Datenschutzbestimmungen - Medicalis\",\"isPartOf\":{\"@id\":\"https:\/\/www.medicalis.ch\/de\/#website\"},\"datePublished\":\"2022-03-22T12:12:30+00:00\",\"dateModified\":\"2022-10-14T11:56:53+00:00\",\"breadcrumb\":{\"@id\":\"https:\/\/www.medicalis.ch\/de\/datenschutzbestimmungen\/#breadcrumb\"},\"inLanguage\":\"de\",\"potentialAction\":[{\"@type\":\"ReadAction\",\"target\":[\"https:\/\/www.medicalis.ch\/de\/datenschutzbestimmungen\/\"]}]},{\"@type\":\"BreadcrumbList\",\"@id\":\"https:\/\/www.medicalis.ch\/de\/datenschutzbestimmungen\/#breadcrumb\",\"itemListElement\":[{\"@type\":\"ListItem\",\"position\":1,\"name\":\"Accueil\",\"item\":\"https:\/\/www.medicalis.ch\/de\/\"},{\"@type\":\"ListItem\",\"position\":2,\"name\":\"Datenschutzbestimmungen\"}]},{\"@type\":\"WebSite\",\"@id\":\"https:\/\/www.medicalis.ch\/de\/#website\",\"url\":\"https:\/\/www.medicalis.ch\/de\/\",\"name\":\"Medicalis\",\"description\":\"\",\"publisher\":{\"@id\":\"https:\/\/www.medicalis.ch\/de\/#organization\"},\"potentialAction\":[{\"@type\":\"SearchAction\",\"target\":{\"@type\":\"EntryPoint\",\"urlTemplate\":\"https:\/\/www.medicalis.ch\/de\/?s={search_term_string}\"},\"query-input\":{\"@type\":\"PropertyValueSpecification\",\"valueRequired\":true,\"valueName\":\"search_term_string\"}}],\"inLanguage\":\"de\"},{\"@type\":\"Organization\",\"@id\":\"https:\/\/www.medicalis.ch\/de\/#organization\",\"name\":\"Medicalis\",\"url\":\"https:\/\/www.medicalis.ch\/de\/\",\"logo\":{\"@type\":\"ImageObject\",\"inLanguage\":\"de\",\"@id\":\"https:\/\/www.medicalis.ch\/de\/#\/schema\/logo\/image\/\",\"url\":\"https:\/\/www.medicalis.ch\/wp-content\/uploads\/2022\/12\/Medicalis_logotype_RVB_217x68.png\",\"contentUrl\":\"https:\/\/www.medicalis.ch\/wp-content\/uploads\/2022\/12\/Medicalis_logotype_RVB_217x68.png\",\"width\":217,\"height\":68,\"caption\":\"Medicalis\"},\"image\":{\"@id\":\"https:\/\/www.medicalis.ch\/de\/#\/schema\/logo\/image\/\"},\"sameAs\":[\"https:\/\/www.facebook.com\/Medicalis-1737325559702106\/\",\"https:\/\/www.linkedin.com\/company\/19057976\/\"]}]}<\/script>\n<!-- \/ Yoast SEO plugin. -->","yoast_head_json":{"title":"Datenschutzbestimmungen - Medicalis","robots":{"index":"index","follow":"follow","max-snippet":"max-snippet:-1","max-image-preview":"max-image-preview:large","max-video-preview":"max-video-preview:-1"},"canonical":"https:\/\/www.medicalis.ch\/de\/datenschutzbestimmungen\/","og_locale":"de_DE","og_type":"article","og_title":"Datenschutzbestimmungen - Medicalis","og_description":"Datenschutzbestimmungen 1.1.1&nbsp;&nbsp;&nbsp;&nbsp;&nbsp;&nbsp;&nbsp;&nbsp; Die Datenschutzbestimmungen von Interiman Group Services Wenn Sie Ihre pers\u00f6nlichen Daten an Interiman Group Services AG \u00fcbermitteln, geben Sie uns die Erlaubnis, diese Informationen f\u00fcr die Stellensuche zu verwenden. Interiman Group Services behandelt diese Informationen vertraulich und gibt sie nur zum Zweck der Stellensuche an Dritte weiter. Mit dieser Datenschutzerkl\u00e4rung m\u00f6chten wir die [...]Weiterlesen... from Datenschutzbestimmungen","og_url":"https:\/\/www.medicalis.ch\/de\/datenschutzbestimmungen\/","og_site_name":"Medicalis","article_publisher":"https:\/\/www.facebook.com\/Medicalis-1737325559702106\/","article_modified_time":"2022-10-14T11:56:53+00:00","og_image":[{"width":520,"height":270,"url":"https:\/\/www.medicalis.ch\/wp-content\/uploads\/2022\/06\/MEDICALIS_Logo_CMJN.jpg","type":"image\/jpeg"}],"twitter_card":"summary_large_image","twitter_misc":{"Gesch\u00e4tzte Lesezeit":"9\u00a0Minuten"},"schema":{"@context":"https:\/\/schema.org","@graph":[{"@type":"WebPage","@id":"https:\/\/www.medicalis.ch\/de\/datenschutzbestimmungen\/","url":"https:\/\/www.medicalis.ch\/de\/datenschutzbestimmungen\/","name":"Datenschutzbestimmungen - Medicalis","isPartOf":{"@id":"https:\/\/www.medicalis.ch\/de\/#website"},"datePublished":"2022-03-22T12:12:30+00:00","dateModified":"2022-10-14T11:56:53+00:00","breadcrumb":{"@id":"https:\/\/www.medicalis.ch\/de\/datenschutzbestimmungen\/#breadcrumb"},"inLanguage":"de","potentialAction":[{"@type":"ReadAction","target":["https:\/\/www.medicalis.ch\/de\/datenschutzbestimmungen\/"]}]},{"@type":"BreadcrumbList","@id":"https:\/\/www.medicalis.ch\/de\/datenschutzbestimmungen\/#breadcrumb","itemListElement":[{"@type":"ListItem","position":1,"name":"Accueil","item":"https:\/\/www.medicalis.ch\/de\/"},{"@type":"ListItem","position":2,"name":"Datenschutzbestimmungen"}]},{"@type":"WebSite","@id":"https:\/\/www.medicalis.ch\/de\/#website","url":"https:\/\/www.medicalis.ch\/de\/","name":"Medicalis","description":"","publisher":{"@id":"https:\/\/www.medicalis.ch\/de\/#organization"},"potentialAction":[{"@type":"SearchAction","target":{"@type":"EntryPoint","urlTemplate":"https:\/\/www.medicalis.ch\/de\/?s={search_term_string}"},"query-input":{"@type":"PropertyValueSpecification","valueRequired":true,"valueName":"search_term_string"}}],"inLanguage":"de"},{"@type":"Organization","@id":"https:\/\/www.medicalis.ch\/de\/#organization","name":"Medicalis","url":"https:\/\/www.medicalis.ch\/de\/","logo":{"@type":"ImageObject","inLanguage":"de","@id":"https:\/\/www.medicalis.ch\/de\/#\/schema\/logo\/image\/","url":"https:\/\/www.medicalis.ch\/wp-content\/uploads\/2022\/12\/Medicalis_logotype_RVB_217x68.png","contentUrl":"https:\/\/www.medicalis.ch\/wp-content\/uploads\/2022\/12\/Medicalis_logotype_RVB_217x68.png","width":217,"height":68,"caption":"Medicalis"},"image":{"@id":"https:\/\/www.medicalis.ch\/de\/#\/schema\/logo\/image\/"},"sameAs":["https:\/\/www.facebook.com\/Medicalis-1737325559702106\/","https:\/\/www.linkedin.com\/company\/19057976\/"]}]}},"_links":{"self":[{"href":"https:\/\/www.medicalis.ch\/de\/wp-json\/wp\/v2\/pages\/1246508","targetHints":{"allow":["GET"]}}],"collection":[{"href":"https:\/\/www.medicalis.ch\/de\/wp-json\/wp\/v2\/pages"}],"about":[{"href":"https:\/\/www.medicalis.ch\/de\/wp-json\/wp\/v2\/types\/page"}],"author":[{"embeddable":true,"href":"https:\/\/www.medicalis.ch\/de\/wp-json\/wp\/v2\/users\/1"}],"replies":[{"embeddable":true,"href":"https:\/\/www.medicalis.ch\/de\/wp-json\/wp\/v2\/comments?post=1246508"}],"version-history":[{"count":4,"href":"https:\/\/www.medicalis.ch\/de\/wp-json\/wp\/v2\/pages\/1246508\/revisions"}],"predecessor-version":[{"id":1257728,"href":"https:\/\/www.medicalis.ch\/de\/wp-json\/wp\/v2\/pages\/1246508\/revisions\/1257728"}],"wp:attachment":[{"href":"https:\/\/www.medicalis.ch\/de\/wp-json\/wp\/v2\/media?parent=1246508"}],"curies":[{"name":"wp","href":"https:\/\/api.w.org\/{rel}","templated":true}]}}