{"id":1250016,"date":"2022-07-05T10:02:58","date_gmt":"2022-07-05T08:02:58","guid":{"rendered":"https:\/\/www.medicalis.ch\/?page_id=1250016"},"modified":"2022-07-05T10:37:09","modified_gmt":"2022-07-05T08:37:09","slug":"nous-rejoindre","status":"publish","type":"page","link":"https:\/\/www.medicalis.ch\/de\/nous-rejoindre\/","title":{"rendered":"Rejoindre Medicalis, le sp\u00e9cialiste des m\u00e9tiers de la sant\u00e9."},"content":{"rendered":"","protected":false},"excerpt":{"rendered":"<p> [&#8230;]<\/p>\n<p><a class=\"btn btn-secondary understrap-read-more-link\" href=\"https:\/\/www.medicalis.ch\/de\/nous-rejoindre\/\">Weiterlesen&#8230;<span class=\"screen-reader-text\"> from Rejoindre Medicalis, le sp\u00e9cialiste des m\u00e9tiers de la sant\u00e9.<\/span><\/a><\/p>\n","protected":false},"author":3,"featured_media":0,"parent":0,"menu_order":0,"comment_status":"closed","ping_status":"closed","template":"page-templates\/medicalis-campaign.php","meta":{"_monsterinsights_skip_tracking":false,"_monsterinsights_sitenote_active":false,"_monsterinsights_sitenote_note":"","_monsterinsights_sitenote_category":0,"footnotes":""},"class_list":["post-1250016","page","type-page","status-publish","hentry"],"yoast_head":"<!-- This site is optimized with the Yoast SEO plugin v26.9 - https:\/\/yoast.com\/product\/yoast-seo-wordpress\/ -->\n<title>Rejoindre Medicalis, le sp\u00e9cialiste des m\u00e9tiers de la sant\u00e9. - Medicalis<\/title>\n<meta name=\"description\" content=\"Vous souhaitez avoir le libre choix de vos missions ? Vous aspirez \u00e0 cumuler les exp\u00e9riences tout en b\u00e9n\u00e9ficiant d&#039;un accompagnement de qualit\u00e9 par d&#039;autres professionnels de la sant\u00e9 ? Nous recrutons.\" \/>\n<meta name=\"robots\" content=\"index, follow, max-snippet:-1, max-image-preview:large, max-video-preview:-1\" \/>\n<link rel=\"canonical\" href=\"https:\/\/www.medicalis.ch\/de\/nous-rejoindre\/\" \/>\n<meta property=\"og:locale\" content=\"de_DE\" \/>\n<meta property=\"og:type\" content=\"article\" \/>\n<meta property=\"og:title\" content=\"Rejoindre Medicalis, le sp\u00e9cialiste des m\u00e9tiers de la sant\u00e9. - Medicalis\" \/>\n<meta property=\"og:description\" content=\"Vous souhaitez avoir le libre choix de vos missions ? Vous aspirez \u00e0 cumuler les exp\u00e9riences tout en b\u00e9n\u00e9ficiant d&#039;un accompagnement de qualit\u00e9 par d&#039;autres professionnels de la sant\u00e9 ? Nous recrutons.\" \/>\n<meta property=\"og:url\" content=\"https:\/\/www.medicalis.ch\/de\/nous-rejoindre\/\" \/>\n<meta property=\"og:site_name\" content=\"Medicalis\" \/>\n<meta property=\"article:publisher\" content=\"https:\/\/www.facebook.com\/Medicalis-1737325559702106\/\" \/>\n<meta property=\"article:modified_time\" content=\"2022-07-05T08:37:09+00:00\" \/>\n<meta property=\"og:image\" content=\"https:\/\/www.medicalis.ch\/wp-content\/uploads\/2022\/06\/MEDICALIS_Logo_CMJN.jpg\" \/>\n\t<meta property=\"og:image:width\" content=\"520\" \/>\n\t<meta property=\"og:image:height\" content=\"270\" \/>\n\t<meta property=\"og:image:type\" content=\"image\/jpeg\" \/>\n<meta name=\"twitter:card\" content=\"summary_large_image\" \/>\n<script type=\"application\/ld+json\" class=\"yoast-schema-graph\">{\"@context\":\"https:\/\/schema.org\",\"@graph\":[{\"@type\":\"WebPage\",\"@id\":\"https:\/\/www.medicalis.ch\/de\/nous-rejoindre\/\",\"url\":\"https:\/\/www.medicalis.ch\/de\/nous-rejoindre\/\",\"name\":\"Rejoindre Medicalis, le sp\u00e9cialiste des m\u00e9tiers de la sant\u00e9. - Medicalis\",\"isPartOf\":{\"@id\":\"https:\/\/www.medicalis.ch\/de\/#website\"},\"datePublished\":\"2022-07-05T08:02:58+00:00\",\"dateModified\":\"2022-07-05T08:37:09+00:00\",\"description\":\"Vous souhaitez avoir le libre choix de vos missions ? Vous aspirez \u00e0 cumuler les exp\u00e9riences tout en b\u00e9n\u00e9ficiant d'un accompagnement de qualit\u00e9 par d'autres professionnels de la sant\u00e9 ? Nous recrutons.\",\"breadcrumb\":{\"@id\":\"https:\/\/www.medicalis.ch\/de\/nous-rejoindre\/#breadcrumb\"},\"inLanguage\":\"de\",\"potentialAction\":[{\"@type\":\"ReadAction\",\"target\":[\"https:\/\/www.medicalis.ch\/de\/nous-rejoindre\/\"]}]},{\"@type\":\"BreadcrumbList\",\"@id\":\"https:\/\/www.medicalis.ch\/de\/nous-rejoindre\/#breadcrumb\",\"itemListElement\":[{\"@type\":\"ListItem\",\"position\":1,\"name\":\"Accueil\",\"item\":\"https:\/\/www.medicalis.ch\/de\/\"},{\"@type\":\"ListItem\",\"position\":2,\"name\":\"Rejoindre Medicalis, le sp\u00e9cialiste des m\u00e9tiers de la sant\u00e9.\"}]},{\"@type\":\"WebSite\",\"@id\":\"https:\/\/www.medicalis.ch\/de\/#website\",\"url\":\"https:\/\/www.medicalis.ch\/de\/\",\"name\":\"Medicalis\",\"description\":\"\",\"publisher\":{\"@id\":\"https:\/\/www.medicalis.ch\/de\/#organization\"},\"potentialAction\":[{\"@type\":\"SearchAction\",\"target\":{\"@type\":\"EntryPoint\",\"urlTemplate\":\"https:\/\/www.medicalis.ch\/de\/?s={search_term_string}\"},\"query-input\":{\"@type\":\"PropertyValueSpecification\",\"valueRequired\":true,\"valueName\":\"search_term_string\"}}],\"inLanguage\":\"de\"},{\"@type\":\"Organization\",\"@id\":\"https:\/\/www.medicalis.ch\/de\/#organization\",\"name\":\"Medicalis\",\"url\":\"https:\/\/www.medicalis.ch\/de\/\",\"logo\":{\"@type\":\"ImageObject\",\"inLanguage\":\"de\",\"@id\":\"https:\/\/www.medicalis.ch\/de\/#\/schema\/logo\/image\/\",\"url\":\"https:\/\/www.medicalis.ch\/wp-content\/uploads\/2022\/12\/Medicalis_logotype_RVB_217x68.png\",\"contentUrl\":\"https:\/\/www.medicalis.ch\/wp-content\/uploads\/2022\/12\/Medicalis_logotype_RVB_217x68.png\",\"width\":217,\"height\":68,\"caption\":\"Medicalis\"},\"image\":{\"@id\":\"https:\/\/www.medicalis.ch\/de\/#\/schema\/logo\/image\/\"},\"sameAs\":[\"https:\/\/www.facebook.com\/Medicalis-1737325559702106\/\",\"https:\/\/www.linkedin.com\/company\/19057976\/\"]}]}<\/script>\n<!-- \/ Yoast SEO plugin. -->","yoast_head_json":{"title":"Rejoindre Medicalis, le sp\u00e9cialiste des m\u00e9tiers de la sant\u00e9. - Medicalis","description":"Vous souhaitez avoir le libre choix de vos missions ? Vous aspirez \u00e0 cumuler les exp\u00e9riences tout en b\u00e9n\u00e9ficiant d'un accompagnement de qualit\u00e9 par d'autres professionnels de la sant\u00e9 ? Nous recrutons.","robots":{"index":"index","follow":"follow","max-snippet":"max-snippet:-1","max-image-preview":"max-image-preview:large","max-video-preview":"max-video-preview:-1"},"canonical":"https:\/\/www.medicalis.ch\/de\/nous-rejoindre\/","og_locale":"de_DE","og_type":"article","og_title":"Rejoindre Medicalis, le sp\u00e9cialiste des m\u00e9tiers de la sant\u00e9. - Medicalis","og_description":"Vous souhaitez avoir le libre choix de vos missions ? Vous aspirez \u00e0 cumuler les exp\u00e9riences tout en b\u00e9n\u00e9ficiant d'un accompagnement de qualit\u00e9 par d'autres professionnels de la sant\u00e9 ? Nous recrutons.","og_url":"https:\/\/www.medicalis.ch\/de\/nous-rejoindre\/","og_site_name":"Medicalis","article_publisher":"https:\/\/www.facebook.com\/Medicalis-1737325559702106\/","article_modified_time":"2022-07-05T08:37:09+00:00","og_image":[{"width":520,"height":270,"url":"https:\/\/www.medicalis.ch\/wp-content\/uploads\/2022\/06\/MEDICALIS_Logo_CMJN.jpg","type":"image\/jpeg"}],"twitter_card":"summary_large_image","schema":{"@context":"https:\/\/schema.org","@graph":[{"@type":"WebPage","@id":"https:\/\/www.medicalis.ch\/de\/nous-rejoindre\/","url":"https:\/\/www.medicalis.ch\/de\/nous-rejoindre\/","name":"Rejoindre Medicalis, le sp\u00e9cialiste des m\u00e9tiers de la sant\u00e9. - Medicalis","isPartOf":{"@id":"https:\/\/www.medicalis.ch\/de\/#website"},"datePublished":"2022-07-05T08:02:58+00:00","dateModified":"2022-07-05T08:37:09+00:00","description":"Vous souhaitez avoir le libre choix de vos missions ? Vous aspirez \u00e0 cumuler les exp\u00e9riences tout en b\u00e9n\u00e9ficiant d'un accompagnement de qualit\u00e9 par d'autres professionnels de la sant\u00e9 ? Nous recrutons.","breadcrumb":{"@id":"https:\/\/www.medicalis.ch\/de\/nous-rejoindre\/#breadcrumb"},"inLanguage":"de","potentialAction":[{"@type":"ReadAction","target":["https:\/\/www.medicalis.ch\/de\/nous-rejoindre\/"]}]},{"@type":"BreadcrumbList","@id":"https:\/\/www.medicalis.ch\/de\/nous-rejoindre\/#breadcrumb","itemListElement":[{"@type":"ListItem","position":1,"name":"Accueil","item":"https:\/\/www.medicalis.ch\/de\/"},{"@type":"ListItem","position":2,"name":"Rejoindre Medicalis, le sp\u00e9cialiste des m\u00e9tiers de la sant\u00e9."}]},{"@type":"WebSite","@id":"https:\/\/www.medicalis.ch\/de\/#website","url":"https:\/\/www.medicalis.ch\/de\/","name":"Medicalis","description":"","publisher":{"@id":"https:\/\/www.medicalis.ch\/de\/#organization"},"potentialAction":[{"@type":"SearchAction","target":{"@type":"EntryPoint","urlTemplate":"https:\/\/www.medicalis.ch\/de\/?s={search_term_string}"},"query-input":{"@type":"PropertyValueSpecification","valueRequired":true,"valueName":"search_term_string"}}],"inLanguage":"de"},{"@type":"Organization","@id":"https:\/\/www.medicalis.ch\/de\/#organization","name":"Medicalis","url":"https:\/\/www.medicalis.ch\/de\/","logo":{"@type":"ImageObject","inLanguage":"de","@id":"https:\/\/www.medicalis.ch\/de\/#\/schema\/logo\/image\/","url":"https:\/\/www.medicalis.ch\/wp-content\/uploads\/2022\/12\/Medicalis_logotype_RVB_217x68.png","contentUrl":"https:\/\/www.medicalis.ch\/wp-content\/uploads\/2022\/12\/Medicalis_logotype_RVB_217x68.png","width":217,"height":68,"caption":"Medicalis"},"image":{"@id":"https:\/\/www.medicalis.ch\/de\/#\/schema\/logo\/image\/"},"sameAs":["https:\/\/www.facebook.com\/Medicalis-1737325559702106\/","https:\/\/www.linkedin.com\/company\/19057976\/"]}]}},"_links":{"self":[{"href":"https:\/\/www.medicalis.ch\/de\/wp-json\/wp\/v2\/pages\/1250016","targetHints":{"allow":["GET"]}}],"collection":[{"href":"https:\/\/www.medicalis.ch\/de\/wp-json\/wp\/v2\/pages"}],"about":[{"href":"https:\/\/www.medicalis.ch\/de\/wp-json\/wp\/v2\/types\/page"}],"author":[{"embeddable":true,"href":"https:\/\/www.medicalis.ch\/de\/wp-json\/wp\/v2\/users\/3"}],"replies":[{"embeddable":true,"href":"https:\/\/www.medicalis.ch\/de\/wp-json\/wp\/v2\/comments?post=1250016"}],"version-history":[{"count":2,"href":"https:\/\/www.medicalis.ch\/de\/wp-json\/wp\/v2\/pages\/1250016\/revisions"}],"predecessor-version":[{"id":1250037,"href":"https:\/\/www.medicalis.ch\/de\/wp-json\/wp\/v2\/pages\/1250016\/revisions\/1250037"}],"wp:attachment":[{"href":"https:\/\/www.medicalis.ch\/de\/wp-json\/wp\/v2\/media?parent=1250016"}],"curies":[{"name":"wp","href":"https:\/\/api.w.org\/{rel}","templated":true}]}}