{"id":1246289,"date":"2022-04-28T15:46:42","date_gmt":"2022-04-28T13:46:42","guid":{"rendered":"http:\/\/medicalis.igs-preprod.ch\/?page_id=1246289"},"modified":"2023-02-28T13:59:35","modified_gmt":"2023-02-28T12:59:35","slug":"nostri-valori","status":"publish","type":"page","link":"https:\/\/www.medicalis.ch\/it\/nostri-valori\/","title":{"rendered":"nostri valori"},"content":{"rendered":"<div><ss3-force-full-width data-overflow-x=\"body\" data-horizontal-selector=\"\"><div class=\"n2-section-smartslider fitvidsignore \" data-ssid=\"27\" tabindex=\"0\" role=\"region\" aria-label=\"Diaporama\"><div id=\"n2-ss-27-align\" class=\"n2-ss-align\"><div class=\"n2-padding\"><div id=\"n2-ss-27\" data-creator=\"Smart Slider 3\" data-responsive=\"fullwidth\" class=\"n2-ss-slider n2-ow n2-has-hover n2notransition  \">\n\n\n\n\n\n\n\n\n\n<div class=\"n2-ss-slider-wrapper-inside\">\n        <div class=\"n2-ss-slider-1 n2_ss__touch_element n2-ow\">\n            <div class=\"n2-ss-slider-2 n2-ow\">\n                                                <div class=\"n2-ss-slider-3 n2-ow\">\n\n                    <div class=\"n2-ss-slide-backgrounds n2-ow-all\"><div class=\"n2-ss-slide-background\" data-public-id=\"1\" data-mode=\"fill\"><div class=\"n2-ss-slide-background-image\" data-blur=\"0\" data-opacity=\"100\" data-x=\"50\" data-y=\"15\" data-alt=\"\" data-title=\"\" style=\"--ss-o-pos-y:15%\"><picture class=\"skip-lazy\" data-skip-lazy=\"1\"><img decoding=\"async\" src=\"\/\/www.medicalis.ch\/wp-content\/uploads\/slider27\/istock-528059138_super2.jpg\" alt=\"\" title=\"\" loading=\"lazy\" class=\"skip-lazy\" data-skip-lazy=\"1\"><\/picture><\/div><div data-color=\"RGBA(255,255,255,0)\" style=\"background-color: RGBA(255,255,255,0);\" class=\"n2-ss-slide-background-color\"><\/div><\/div><div class=\"n2-ss-slide-background\" data-public-id=\"2\" data-mode=\"fill\"><div class=\"n2-ss-slide-background-image\" data-blur=\"0\" data-opacity=\"100\" data-x=\"50\" data-y=\"25\" data-alt=\"\" data-title=\"\" style=\"--ss-o-pos-y:25%\"><picture class=\"skip-lazy\" data-skip-lazy=\"1\"><img decoding=\"async\" src=\"\/\/www.medicalis.ch\/wp-content\/uploads\/slider27\/istock-622980054_super2.jpg\" alt=\"\" title=\"\" loading=\"lazy\" class=\"skip-lazy\" data-skip-lazy=\"1\"><\/picture><\/div><div data-color=\"RGBA(255,255,255,0)\" style=\"background-color: RGBA(255,255,255,0);\" class=\"n2-ss-slide-background-color\"><\/div><\/div><div class=\"n2-ss-slide-background\" data-public-id=\"3\" data-mode=\"fill\"><div class=\"n2-ss-slide-background-image\" data-blur=\"0\" data-opacity=\"100\" data-x=\"50\" data-y=\"40\" data-alt=\"\" data-title=\"\" style=\"--ss-o-pos-y:40%\"><picture class=\"skip-lazy\" data-skip-lazy=\"1\"><img decoding=\"async\" src=\"\/\/www.medicalis.ch\/wp-content\/uploads\/slider27\/istock-507263268_super2.jpg\" alt=\"\" title=\"\" loading=\"lazy\" class=\"skip-lazy\" data-skip-lazy=\"1\"><\/picture><\/div><div data-color=\"RGBA(255,255,255,0)\" style=\"background-color: RGBA(255,255,255,0);\" class=\"n2-ss-slide-background-color\"><\/div><\/div><\/div>                    <div class=\"n2-ss-slider-4 n2-ow\">\n                        <svg xmlns=\"http:\/\/www.w3.org\/2000\/svg\" viewBox=\"0 0 1200 850\" data-related-device=\"desktopPortrait\" class=\"n2-ow n2-ss-preserve-size n2-ss-preserve-size--slider n2-ss-slide-limiter\"><\/svg><div data-first=\"1\" data-slide-duration=\"0\" data-id=\"63\" data-slide-public-id=\"1\" data-title=\"I nostri valori\" class=\"n2-ss-slide n2-ow  n2-ss-slide-63\"><div role=\"note\" class=\"n2-ss-slide--focus\" tabindex=\"-1\">I nostri valori<\/div><div class=\"n2-ss-layers-container n2-ss-slide-limiter n2-ow\"><div class=\"n2-ss-layer n2-ow n-uc-T9JrHC8lWfWa\" data-sstype=\"slide\" data-pm=\"default\"><div class=\"n2-ss-layer n2-ow n-uc-fisOzsJAgAAc n2-ss-layer--need-height\" data-pm=\"absolute\" data-responsiveposition=\"1\" data-desktopportraitleft=\"0\" data-mobileportraitleft=\"0\" data-desktopportraittop=\"0\" data-mobileportraittop=\"0\" data-responsivesize=\"1\" data-desktopportraitwidth=\"150\" data-mobileportraitwidth=\"100%\" data-desktopportraitheight=\"150\" data-mobileportraitheight=\"100%\" data-desktopportraitalign=\"center\" data-mobileportraitalign=\"left\" data-desktopportraitvalign=\"middle\" data-mobileportraitvalign=\"top\" data-parentid=\"\" data-desktopportraitparentalign=\"center\" data-desktopportraitparentvalign=\"middle\" data-hidedesktopportrait=\"1\" data-hidetabletportrait=\"1\" data-sstype=\"layer\"><div class=\"n2-ss-item-content n2-ow\" style=\"background-color: #000000;background-color: RGBA(0,0,0,0.24);height:100%;\"><\/div><\/div><div class=\"n2-ss-layer n2-ow n-uc-aQXSG5fW2ysK\" data-pm=\"default\" data-sstype=\"content\" data-hasbackground=\"0\"><div class=\"n2-ss-section-main-content n2-ss-layer-with-background n2-ss-layer-content n2-ow n-uc-aQXSG5fW2ysK-inner\"><div class=\"n2-ss-layer n2-ow n2-ss-layer--block n2-ss-has-self-align n-uc-mOA8E8d6BVw7\" data-pm=\"normal\" data-sstype=\"row\"><div class=\"n2-ss-layer-row n2-ss-layer-with-background n-uc-mOA8E8d6BVw7-inner\"><div class=\"n2-ss-layer-row-inner \"><div class=\"n2-ss-layer n2-ow n-uc-x95GN7au41GY\" data-pm=\"default\" data-sstype=\"col\"><div class=\"n2-ss-layer-col n2-ss-layer-with-background n2-ss-layer-content n-uc-x95GN7au41GY-inner\"><div class=\"n2-ss-layer n2-ow n-uc-uWrp96E4aGx0\" data-pm=\"normal\" data-sstype=\"layer\"><h1 id=\"n2-ss-27item2\" class=\"n2-font-348af122267adda7b856ff32beb55b14-hover   n2-ss-item-content n2-ss-text n2-ow\" style=\"display:block;\">I nostri valori<\/h1><\/div><div class=\"n2-ss-layer n2-ow n-uc-xWVBBjp1a8hG\" data-pm=\"normal\" data-sstype=\"layer\"><\/div><div class=\"n2-ss-layer n2-ow n-uc-iPxJZ1eNCzPN\" data-pm=\"normal\" data-sstype=\"layer\"><div class=\"n2-ss-item-content n2-ss-text n2-ow-all\"><div class=\"\"><p class=\"n2-font-7b981e57afab2cde2a01b0725797f99b-paragraph   \">Il nostro mestiere ci appassiona. L&#8217;essere umano \u00e8 al centro delle nostre preoccupazioni. Rispettiamo i nostri candidati, ci sforziamo di capirli per quanto concerne sia le loro esperienze e i loro settori di competenza, sia la loro capacit\u00e0 di relazionarsi con i colleghi di lavoro o di rappresentare la vostra struttura presso i vostri clienti.<br \/>\n<br \/>\nIn effetti, se le competenze tecniche sono criteri di selezione fondamentali, stimiamo che sia soprattutto la personalit\u00e0 dei candidati che fa la differenza nel mondo del lavoro. Disponibilit\u00e0, flessibilit\u00e0 e senso delle responsabilit\u00e0 sono tratti di personalit\u00e0 indispensabili per realizzarsi in modo efficace in un ambiente di lavoro esigente.<\/p>\n<\/div><\/div><\/div><\/div><\/div><\/div><\/div><\/div><\/div><\/div><\/div><\/div><img decoding=\"async\" loading=\"lazy\" class=\"n2-ss-slide-thumbnail skip-lazy\" data-skip-lazy=\"1\" src=\"\/\/www.medicalis.ch\/wp-content\/uploads\/slider27\/istock-528059138_super2.jpg\" alt=\"I nostri valori\"><\/div><div data-slide-duration=\"0\" data-id=\"64\" data-slide-public-id=\"2\" data-title=\"Un atteggiamento proattivo\" class=\"n2-ss-slide n2-ow  n2-ss-slide-64\"><div role=\"note\" class=\"n2-ss-slide--focus\" tabindex=\"-1\">Un atteggiamento proattivo<\/div><div class=\"n2-ss-layers-container n2-ss-slide-limiter n2-ow\"><div class=\"n2-ss-layer n2-ow n-uc-UmHrHX7nhnmc\" data-sstype=\"slide\" data-pm=\"default\"><div class=\"n2-ss-layer n2-ow 77 n-uc-Z2zhEALIKU3i n2-ss-layer--need-height\" data-pm=\"absolute\" data-responsiveposition=\"1\" data-desktopportraitleft=\"0\" data-mobileportraitleft=\"0\" data-desktopportraittop=\"0\" data-mobileportraittop=\"0\" data-responsivesize=\"1\" data-desktopportraitwidth=\"auto\" data-mobileportraitwidth=\"100%\" data-desktopportraitheight=\"150\" data-mobileportraitheight=\"100%\" data-desktopportraitalign=\"center\" data-mobileportraitalign=\"left\" data-desktopportraitvalign=\"middle\" data-mobileportraitvalign=\"top\" data-parentid=\"\" data-desktopportraitparentalign=\"center\" data-desktopportraitparentvalign=\"middle\" data-hidedesktopportrait=\"1\" data-hidetabletportrait=\"1\" data-sstype=\"layer\"><div class=\"n2-ss-item-content n2-ow\" style=\"background-color: #000000;background-color: RGBA(0,0,0,0.56);height:100%;\"><\/div><\/div><div class=\"n2-ss-layer n2-ow n-uc-9hL1eYuiBreQ\" data-pm=\"default\" data-sstype=\"content\" data-hasbackground=\"0\"><div class=\"n2-ss-section-main-content n2-ss-layer-with-background n2-ss-layer-content n2-ow n-uc-9hL1eYuiBreQ-inner\"><div class=\"n2-ss-layer n2-ow n2-ss-layer--block n2-ss-has-self-align n-uc-i73NWQMASkCu\" data-pm=\"normal\" data-sstype=\"row\"><div class=\"n2-ss-layer-row n2-ss-layer-with-background n-uc-i73NWQMASkCu-inner\"><div class=\"n2-ss-layer-row-inner \"><div class=\"n2-ss-layer n2-ow n-uc-1P13M4zNKiv5\" data-pm=\"default\" data-sstype=\"col\"><div class=\"n2-ss-layer-col n2-ss-layer-with-background n2-ss-layer-content n-uc-1P13M4zNKiv5-inner\"><div class=\"n2-ss-layer n2-ow n-uc-m6beUCHv1fr8\" data-pm=\"normal\" data-sstype=\"layer\"><h2 id=\"n2-ss-27item6\" class=\"n2-font-348af122267adda7b856ff32beb55b14-hover   n2-ss-item-content n2-ss-text n2-ow\" style=\"display:block;\">Un atteggiamento proattivo<\/h2><\/div><div class=\"n2-ss-layer n2-ow n-uc-iMSXWUwpfK8f\" data-pm=\"normal\" data-sstype=\"layer\"><\/div><div class=\"n2-ss-layer n2-ow n-uc-lawB4AKBH42Q\" data-pm=\"normal\" data-sstype=\"layer\"><div class=\"n2-ss-item-content n2-ss-text n2-ow-all\"><div class=\"\"><p class=\"n2-font-7b981e57afab2cde2a01b0725797f99b-paragraph   \">\u00c8 lo spirito d&#8217;iniziativa dei nostri consulenti che fa la differenza. Autonomi nel loro lavoro, non esitano, se la situazione lo richiede, a lasciare i sentieri battuti per trovare la soluzione di cui avete bisogno. Sanno lavorare in situazioni d&#8217;urgenza e, se la situazione lo richiede, si recano sul luogo. Ad esempio, si recano regolarmente in altri paesi europei per reclutare talenti. Se innovano, per\u00f2, lo fanno per costruire relazioni durature.<\/p>\n<\/div><\/div><\/div><\/div><\/div><\/div><\/div><\/div><\/div><\/div><\/div><\/div><img decoding=\"async\" loading=\"lazy\" class=\"n2-ss-slide-thumbnail skip-lazy\" data-skip-lazy=\"1\" src=\"\/\/www.medicalis.ch\/wp-content\/uploads\/slider27\/istock-622980054_super2.jpg\" alt=\"Un atteggiamento proattivo\"><\/div><div data-slide-duration=\"0\" data-id=\"65\" data-slide-public-id=\"3\" data-title=\"Il grande impegno dei nostri consulenti\" class=\"n2-ss-slide n2-ow  n2-ss-slide-65\"><div role=\"note\" class=\"n2-ss-slide--focus\" tabindex=\"-1\">Il grande impegno dei nostri consulenti<\/div><div class=\"n2-ss-layers-container n2-ss-slide-limiter n2-ow\"><div class=\"n2-ss-layer n2-ow n-uc-JTHMggpph9vR\" data-sstype=\"slide\" data-pm=\"default\"><div class=\"n2-ss-layer n2-ow n-uc-Jye4nicJNj3P\" data-pm=\"default\" data-sstype=\"content\" data-hasbackground=\"0\"><div class=\"n2-ss-section-main-content n2-ss-layer-with-background n2-ss-layer-content n2-ow n-uc-Jye4nicJNj3P-inner\"><div class=\"n2-ss-layer n2-ow n2-ss-layer--block n2-ss-has-self-align n-uc-qSXq6puOVvBx\" data-pm=\"normal\" data-sstype=\"row\"><div class=\"n2-ss-layer-row n2-ss-layer-with-background n-uc-qSXq6puOVvBx-inner\"><div class=\"n2-ss-layer-row-inner \"><div class=\"n2-ss-layer n2-ow n-uc-6rH46kzNJo0L\" data-pm=\"default\" data-sstype=\"col\"><div class=\"n2-ss-layer-col n2-ss-layer-with-background n2-ss-layer-content n-uc-6rH46kzNJo0L-inner\"><div class=\"n2-ss-layer n2-ow n-uc-c1wYvXqsb5EM\" data-pm=\"normal\" data-sstype=\"layer\"><h2 id=\"n2-ss-27item9\" class=\"n2-font-348af122267adda7b856ff32beb55b14-hover   n2-ss-item-content n2-ss-text n2-ow\" style=\"display:block;\">Il grande impegno dei nostri consulenti<\/h2><\/div><div class=\"n2-ss-layer n2-ow n-uc-9c4GC819SGB0\" data-pm=\"normal\" data-sstype=\"layer\"><\/div><div class=\"n2-ss-layer n2-ow n-uc-y8BjjIM80XQQ\" data-pm=\"normal\" data-sstype=\"layer\"><div class=\"n2-ss-item-content n2-ss-text n2-ow-all\"><div class=\"\"><p class=\"n2-font-7b981e57afab2cde2a01b0725797f99b-paragraph   \">Abbiamo a cuore il vostro successo e ci piacciono le azioni efficaci. \u00c8 l&#8217;esperienza dei nostri consulenti che permette di unire alla perfezione le vostre esigenze con il candidato ideale. Grazie alla loro doppia competenza, quella del lavoro interinale e quella nel vostro settore, cui si aggiunge una fine conoscenza del settore umano, sapranno accompagnarvi per tutto il vostro percorso. Meglio: dal momento che conoscono i vostri vincoli, mobilitano velocemente tutte le risorse e lavorano in rete per trovare una soluzione congeniale.<\/p>\n<\/div><\/div><\/div><\/div><\/div><\/div><\/div><\/div><\/div><\/div><\/div><\/div><img decoding=\"async\" loading=\"lazy\" class=\"n2-ss-slide-thumbnail skip-lazy\" data-skip-lazy=\"1\" src=\"\/\/www.medicalis.ch\/wp-content\/uploads\/slider27\/istock-507263268_super2.jpg\" alt=\"Il grande impegno dei nostri consulenti\"><\/div>                    <\/div>\n\n                                    <\/div>\n            <\/div>\n        <\/div>\n        <div class=\"n2-ss-slider-controls n2-ss-slider-controls-absolute-right-center\"><div style=\"--widget-offset:5px;\" class=\"n2-ss-widget n2-ss-control-bullet n2-ow-all n2-ss-control-bullet-vertical\" data-hide-mobilelandscape=\"1\" data-hide-mobileportrait=\"1\"><div class=\" nextend-bullet-bar n2-bar-justify-content-right\" role=\"group\" aria-label=\"Choose slide to display.\"><div class=\"n2-bullet n2-style-930f90988dde3f786a386188f7983ab0-dot n2-font-6f00b2620d327f05367ebae7cf6d93f0-dot \" style=\"visibility:hidden;\">&nbsp;<\/div><\/div><\/div><\/div><div class=\"n2-ss-slider-controls n2-ss-slider-controls-absolute-center-bottom\"><div style=\"--widget-offset:15px;\" class=\"n2-ss-widget nextend-arrow n2-ow-all nextend-arrow-next  nextend-arrow-animated-fade\" id=\"n2-ss-27-arrow-next\" role=\"button\" aria-label=\"next arrow\" tabindex=\"0\"><img loading=\"lazy\" decoding=\"async\" width=\"32\" height=\"32\" class=\"skip-lazy\" data-skip-lazy=\"1\" src=\"data:image\/svg+xml;base64,PHN2ZyB3aWR0aD0iMzIiIGhlaWdodD0iMzIiIHZpZXdCb3g9IjAgMCAzMiAzMiIgeG1sbnM9Imh0dHA6Ly93d3cudzMub3JnLzIwMDAvc3ZnIj4KICAgIDxwYXRoIGQ9Ik0yNy43IDkuMjkzYy0uMzkzLS4zOS0xLjAzLS4zOS0xLjQyIDBsLTEwLjI4NCAxMS4yOUw1LjcxNCA5LjI5M2MtLjM5Mi0uMzktMS4wMjgtLjM5LTEuNDIgMC0uMzkyLjQtLjM5MiAxLjA0IDAgMS40M2wxMC45NDMgMTIuMDFjLjIxLjIxLjQ4Ni4zLjc2LjI4LjI3My4wMi41NS0uMDcuNzYtLjI4TDI3LjcgMTAuNzIzYy4zOS0uMzkuMzktMS4wMyAwLTEuNDMiCiAgICAgICAgICBmaWxsPSIjZmZmZmZmIiBvcGFjaXR5PSIwLjgiIGZpbGwtcnVsZT0iZXZlbm9kZCIvPgo8L3N2Zz4=\" alt=\"next arrow\"><\/div><\/div><\/div><\/div><ss3-loader><\/ss3-loader><\/div><\/div><div class=\"n2_clear\"><\/div><\/div><\/ss3-force-full-width><\/div>","protected":false},"excerpt":{"rendered":"<p> [&#8230;]<\/p>\n<p><a class=\"btn btn-secondary understrap-read-more-link\" href=\"https:\/\/www.medicalis.ch\/it\/nostri-valori\/\">Leggi tutto&#8230;<span class=\"screen-reader-text\"> from nostri valori<\/span><\/a><\/p>\n","protected":false},"author":1,"featured_media":0,"parent":0,"menu_order":0,"comment_status":"closed","ping_status":"closed","template":"","meta":{"_monsterinsights_skip_tracking":false,"_monsterinsights_sitenote_active":false,"_monsterinsights_sitenote_note":"","_monsterinsights_sitenote_category":0,"footnotes":""},"class_list":["post-1246289","page","type-page","status-publish","hentry"],"yoast_head":"<!-- This site is optimized with the Yoast SEO plugin v26.9 - https:\/\/yoast.com\/product\/yoast-seo-wordpress\/ -->\n<title>nostri valori - Medicalis<\/title>\n<meta name=\"robots\" content=\"index, follow, max-snippet:-1, max-image-preview:large, max-video-preview:-1\" \/>\n<link rel=\"canonical\" href=\"https:\/\/interiman-group.ch\/it\/nostri-valori\/\" \/>\n<meta property=\"og:locale\" content=\"it_IT\" \/>\n<meta property=\"og:type\" content=\"article\" \/>\n<meta property=\"og:title\" content=\"nostri valori - Medicalis\" \/>\n<meta property=\"og:description\" content=\"[...]Leggi tutto... from nostri valori\" \/>\n<meta property=\"og:url\" content=\"https:\/\/interiman-group.ch\/it\/nostri-valori\/\" \/>\n<meta property=\"og:site_name\" content=\"Medicalis\" \/>\n<meta property=\"article:publisher\" content=\"https:\/\/www.facebook.com\/Medicalis-1737325559702106\/\" \/>\n<meta property=\"article:modified_time\" content=\"2023-02-28T12:59:35+00:00\" \/>\n<meta property=\"og:image\" content=\"https:\/\/www.medicalis.ch\/wp-content\/uploads\/2022\/06\/MEDICALIS_Logo_CMJN.jpg\" \/>\n\t<meta property=\"og:image:width\" content=\"520\" \/>\n\t<meta property=\"og:image:height\" content=\"270\" \/>\n\t<meta property=\"og:image:type\" content=\"image\/jpeg\" \/>\n<meta name=\"twitter:card\" content=\"summary_large_image\" \/>\n<meta name=\"twitter:label1\" content=\"Tempo di lettura stimato\" \/>\n\t<meta name=\"twitter:data1\" content=\"1 minuto\" \/>\n<script type=\"application\/ld+json\" class=\"yoast-schema-graph\">{\"@context\":\"https:\/\/schema.org\",\"@graph\":[{\"@type\":\"WebPage\",\"@id\":\"https:\/\/www.medicalis.ch\/it\/nostri-valori\/\",\"url\":\"https:\/\/interiman-group.ch\/it\/nostri-valori\/\",\"name\":\"nostri valori - Medicalis\",\"isPartOf\":{\"@id\":\"https:\/\/www.medicalis.ch\/it\/#website\"},\"datePublished\":\"2022-04-28T13:46:42+00:00\",\"dateModified\":\"2023-02-28T12:59:35+00:00\",\"breadcrumb\":{\"@id\":\"https:\/\/interiman-group.ch\/it\/nostri-valori\/#breadcrumb\"},\"inLanguage\":\"it-IT\",\"potentialAction\":[{\"@type\":\"ReadAction\",\"target\":[\"https:\/\/interiman-group.ch\/it\/nostri-valori\/\"]}]},{\"@type\":\"BreadcrumbList\",\"@id\":\"https:\/\/interiman-group.ch\/it\/nostri-valori\/#breadcrumb\",\"itemListElement\":[{\"@type\":\"ListItem\",\"position\":1,\"name\":\"Accueil\",\"item\":\"https:\/\/www.medicalis.ch\/it\/\"},{\"@type\":\"ListItem\",\"position\":2,\"name\":\"nostri valori\"}]},{\"@type\":\"WebSite\",\"@id\":\"https:\/\/www.medicalis.ch\/it\/#website\",\"url\":\"https:\/\/www.medicalis.ch\/it\/\",\"name\":\"Medicalis\",\"description\":\"\",\"publisher\":{\"@id\":\"https:\/\/www.medicalis.ch\/it\/#organization\"},\"potentialAction\":[{\"@type\":\"SearchAction\",\"target\":{\"@type\":\"EntryPoint\",\"urlTemplate\":\"https:\/\/www.medicalis.ch\/it\/?s={search_term_string}\"},\"query-input\":{\"@type\":\"PropertyValueSpecification\",\"valueRequired\":true,\"valueName\":\"search_term_string\"}}],\"inLanguage\":\"it-IT\"},{\"@type\":\"Organization\",\"@id\":\"https:\/\/www.medicalis.ch\/it\/#organization\",\"name\":\"Medicalis\",\"url\":\"https:\/\/www.medicalis.ch\/it\/\",\"logo\":{\"@type\":\"ImageObject\",\"inLanguage\":\"it-IT\",\"@id\":\"https:\/\/www.medicalis.ch\/it\/#\/schema\/logo\/image\/\",\"url\":\"https:\/\/www.medicalis.ch\/wp-content\/uploads\/2022\/12\/Medicalis_logotype_RVB_217x68.png\",\"contentUrl\":\"https:\/\/www.medicalis.ch\/wp-content\/uploads\/2022\/12\/Medicalis_logotype_RVB_217x68.png\",\"width\":217,\"height\":68,\"caption\":\"Medicalis\"},\"image\":{\"@id\":\"https:\/\/www.medicalis.ch\/it\/#\/schema\/logo\/image\/\"},\"sameAs\":[\"https:\/\/www.facebook.com\/Medicalis-1737325559702106\/\",\"https:\/\/www.linkedin.com\/company\/19057976\/\"]}]}<\/script>\n<!-- \/ Yoast SEO plugin. -->","yoast_head_json":{"title":"nostri valori - Medicalis","robots":{"index":"index","follow":"follow","max-snippet":"max-snippet:-1","max-image-preview":"max-image-preview:large","max-video-preview":"max-video-preview:-1"},"canonical":"https:\/\/interiman-group.ch\/it\/nostri-valori\/","og_locale":"it_IT","og_type":"article","og_title":"nostri valori - Medicalis","og_description":"[...]Leggi tutto... from nostri valori","og_url":"https:\/\/interiman-group.ch\/it\/nostri-valori\/","og_site_name":"Medicalis","article_publisher":"https:\/\/www.facebook.com\/Medicalis-1737325559702106\/","article_modified_time":"2023-02-28T12:59:35+00:00","og_image":[{"width":520,"height":270,"url":"https:\/\/www.medicalis.ch\/wp-content\/uploads\/2022\/06\/MEDICALIS_Logo_CMJN.jpg","type":"image\/jpeg"}],"twitter_card":"summary_large_image","twitter_misc":{"Tempo di lettura stimato":"1 minuto"},"schema":{"@context":"https:\/\/schema.org","@graph":[{"@type":"WebPage","@id":"https:\/\/www.medicalis.ch\/it\/nostri-valori\/","url":"https:\/\/interiman-group.ch\/it\/nostri-valori\/","name":"nostri valori - Medicalis","isPartOf":{"@id":"https:\/\/www.medicalis.ch\/it\/#website"},"datePublished":"2022-04-28T13:46:42+00:00","dateModified":"2023-02-28T12:59:35+00:00","breadcrumb":{"@id":"https:\/\/interiman-group.ch\/it\/nostri-valori\/#breadcrumb"},"inLanguage":"it-IT","potentialAction":[{"@type":"ReadAction","target":["https:\/\/interiman-group.ch\/it\/nostri-valori\/"]}]},{"@type":"BreadcrumbList","@id":"https:\/\/interiman-group.ch\/it\/nostri-valori\/#breadcrumb","itemListElement":[{"@type":"ListItem","position":1,"name":"Accueil","item":"https:\/\/www.medicalis.ch\/it\/"},{"@type":"ListItem","position":2,"name":"nostri valori"}]},{"@type":"WebSite","@id":"https:\/\/www.medicalis.ch\/it\/#website","url":"https:\/\/www.medicalis.ch\/it\/","name":"Medicalis","description":"","publisher":{"@id":"https:\/\/www.medicalis.ch\/it\/#organization"},"potentialAction":[{"@type":"SearchAction","target":{"@type":"EntryPoint","urlTemplate":"https:\/\/www.medicalis.ch\/it\/?s={search_term_string}"},"query-input":{"@type":"PropertyValueSpecification","valueRequired":true,"valueName":"search_term_string"}}],"inLanguage":"it-IT"},{"@type":"Organization","@id":"https:\/\/www.medicalis.ch\/it\/#organization","name":"Medicalis","url":"https:\/\/www.medicalis.ch\/it\/","logo":{"@type":"ImageObject","inLanguage":"it-IT","@id":"https:\/\/www.medicalis.ch\/it\/#\/schema\/logo\/image\/","url":"https:\/\/www.medicalis.ch\/wp-content\/uploads\/2022\/12\/Medicalis_logotype_RVB_217x68.png","contentUrl":"https:\/\/www.medicalis.ch\/wp-content\/uploads\/2022\/12\/Medicalis_logotype_RVB_217x68.png","width":217,"height":68,"caption":"Medicalis"},"image":{"@id":"https:\/\/www.medicalis.ch\/it\/#\/schema\/logo\/image\/"},"sameAs":["https:\/\/www.facebook.com\/Medicalis-1737325559702106\/","https:\/\/www.linkedin.com\/company\/19057976\/"]}]}},"_links":{"self":[{"href":"https:\/\/www.medicalis.ch\/it\/wp-json\/wp\/v2\/pages\/1246289","targetHints":{"allow":["GET"]}}],"collection":[{"href":"https:\/\/www.medicalis.ch\/it\/wp-json\/wp\/v2\/pages"}],"about":[{"href":"https:\/\/www.medicalis.ch\/it\/wp-json\/wp\/v2\/types\/page"}],"author":[{"embeddable":true,"href":"https:\/\/www.medicalis.ch\/it\/wp-json\/wp\/v2\/users\/1"}],"replies":[{"embeddable":true,"href":"https:\/\/www.medicalis.ch\/it\/wp-json\/wp\/v2\/comments?post=1246289"}],"version-history":[{"count":1,"href":"https:\/\/www.medicalis.ch\/it\/wp-json\/wp\/v2\/pages\/1246289\/revisions"}],"predecessor-version":[{"id":1246291,"href":"https:\/\/www.medicalis.ch\/it\/wp-json\/wp\/v2\/pages\/1246289\/revisions\/1246291"}],"wp:attachment":[{"href":"https:\/\/www.medicalis.ch\/it\/wp-json\/wp\/v2\/media?parent=1246289"}],"curies":[{"name":"wp","href":"https:\/\/api.w.org\/{rel}","templated":true}]}}