{"id":1267369,"date":"2023-03-01T08:50:29","date_gmt":"2023-03-01T07:50:29","guid":{"rendered":"https:\/\/www.medicalis.ch\/?page_id=1267369"},"modified":"2023-03-01T09:55:34","modified_gmt":"2023-03-01T08:55:34","slug":"la-ricerca-di-lavoro","status":"publish","type":"page","link":"https:\/\/www.medicalis.ch\/it\/la-ricerca-di-lavoro\/","title":{"rendered":"La ricerca di lavoro: i nostri consigli per trovare il lavoro perfetto"},"content":{"rendered":"\n\n","protected":false},"excerpt":{"rendered":"<p> [&#8230;]<\/p>\n<p><a class=\"btn btn-secondary understrap-read-more-link\" href=\"https:\/\/www.medicalis.ch\/it\/la-ricerca-di-lavoro\/\">Leggi tutto&#8230;<span class=\"screen-reader-text\"> from La ricerca di lavoro: i nostri consigli per trovare il lavoro perfetto<\/span><\/a><\/p>\n","protected":false},"author":3,"featured_media":0,"parent":0,"menu_order":0,"comment_status":"closed","ping_status":"closed","template":"","meta":{"_monsterinsights_skip_tracking":false,"_monsterinsights_sitenote_active":false,"_monsterinsights_sitenote_note":"","_monsterinsights_sitenote_category":0,"footnotes":""},"class_list":["post-1267369","page","type-page","status-publish","hentry"],"yoast_head":"<!-- This site is optimized with the Yoast SEO plugin v26.9 - https:\/\/yoast.com\/product\/yoast-seo-wordpress\/ -->\n<title>La ricerca di lavoro: i nostri consigli per trovare il lavoro perfetto - Medicalis<\/title>\n<meta name=\"description\" content=\"La ricerca di un lavoro pu\u00f2 essere un esercizio che intimidisce molto. Oggigiorno la domanda \u00e8 molto forte, per questo \u00e8 necessario riuscire a distinguersi tra le centinaia di altri candidati disponibili sul mercato. Per avere il massimo di probabilit\u00e0 di farcela in questo periodo a volte complicato, ecco alcuni punti importanti da rispettare per ottimizzare la ricerca e magari trovare il lavoro dei vostri sogni.\" \/>\n<meta name=\"robots\" content=\"index, follow, max-snippet:-1, max-image-preview:large, max-video-preview:-1\" \/>\n<link rel=\"canonical\" href=\"https:\/\/www.interiman-group.ch\/it\/la-ricerca-di-lavoro\/\" \/>\n<meta property=\"og:locale\" content=\"it_IT\" \/>\n<meta property=\"og:type\" content=\"article\" \/>\n<meta property=\"og:title\" content=\"La ricerca di lavoro: i nostri consigli per trovare il lavoro perfetto - Medicalis\" \/>\n<meta property=\"og:description\" content=\"La ricerca di un lavoro pu\u00f2 essere un esercizio che intimidisce molto. Oggigiorno la domanda \u00e8 molto forte, per questo \u00e8 necessario riuscire a distinguersi tra le centinaia di altri candidati disponibili sul mercato. Per avere il massimo di probabilit\u00e0 di farcela in questo periodo a volte complicato, ecco alcuni punti importanti da rispettare per ottimizzare la ricerca e magari trovare il lavoro dei vostri sogni.\" \/>\n<meta property=\"og:url\" content=\"https:\/\/www.interiman-group.ch\/it\/la-ricerca-di-lavoro\/\" \/>\n<meta property=\"og:site_name\" content=\"Medicalis\" \/>\n<meta property=\"article:publisher\" content=\"https:\/\/www.facebook.com\/Medicalis-1737325559702106\/\" \/>\n<meta property=\"article:modified_time\" content=\"2023-03-01T08:55:34+00:00\" \/>\n<meta property=\"og:image\" content=\"https:\/\/www.medicalis.ch\/wp-content\/uploads\/2022\/06\/MEDICALIS_Logo_CMJN.jpg\" \/>\n\t<meta property=\"og:image:width\" content=\"520\" \/>\n\t<meta property=\"og:image:height\" content=\"270\" \/>\n\t<meta property=\"og:image:type\" content=\"image\/jpeg\" \/>\n<meta name=\"twitter:card\" content=\"summary_large_image\" \/>\n<meta name=\"twitter:label1\" content=\"Tempo di lettura stimato\" \/>\n\t<meta name=\"twitter:data1\" content=\"1 minuto\" \/>\n<script type=\"application\/ld+json\" class=\"yoast-schema-graph\">{\"@context\":\"https:\/\/schema.org\",\"@graph\":[{\"@type\":\"WebPage\",\"@id\":\"https:\/\/www.medicalis.ch\/it\/la-ricerca-di-lavoro\/\",\"url\":\"https:\/\/www.interiman-group.ch\/it\/la-ricerca-di-lavoro\/\",\"name\":\"La ricerca di lavoro: i nostri consigli per trovare il lavoro perfetto - Medicalis\",\"isPartOf\":{\"@id\":\"https:\/\/www.medicalis.ch\/it\/#website\"},\"datePublished\":\"2023-03-01T07:50:29+00:00\",\"dateModified\":\"2023-03-01T08:55:34+00:00\",\"description\":\"La ricerca di un lavoro pu\u00f2 essere un esercizio che intimidisce molto. Oggigiorno la domanda \u00e8 molto forte, per questo \u00e8 necessario riuscire a distinguersi tra le centinaia di altri candidati disponibili sul mercato. Per avere il massimo di probabilit\u00e0 di farcela in questo periodo a volte complicato, ecco alcuni punti importanti da rispettare per ottimizzare la ricerca e magari trovare il lavoro dei vostri sogni.\",\"breadcrumb\":{\"@id\":\"https:\/\/www.interiman-group.ch\/it\/la-ricerca-di-lavoro\/#breadcrumb\"},\"inLanguage\":\"it-IT\",\"potentialAction\":[{\"@type\":\"ReadAction\",\"target\":[\"https:\/\/www.interiman-group.ch\/it\/la-ricerca-di-lavoro\/\"]}]},{\"@type\":\"BreadcrumbList\",\"@id\":\"https:\/\/www.interiman-group.ch\/it\/la-ricerca-di-lavoro\/#breadcrumb\",\"itemListElement\":[{\"@type\":\"ListItem\",\"position\":1,\"name\":\"Accueil\",\"item\":\"https:\/\/www.medicalis.ch\/it\/\"},{\"@type\":\"ListItem\",\"position\":2,\"name\":\"La ricerca di lavoro: i nostri consigli per trovare il lavoro perfetto\"}]},{\"@type\":\"WebSite\",\"@id\":\"https:\/\/www.medicalis.ch\/it\/#website\",\"url\":\"https:\/\/www.medicalis.ch\/it\/\",\"name\":\"Medicalis\",\"description\":\"\",\"publisher\":{\"@id\":\"https:\/\/www.medicalis.ch\/it\/#organization\"},\"potentialAction\":[{\"@type\":\"SearchAction\",\"target\":{\"@type\":\"EntryPoint\",\"urlTemplate\":\"https:\/\/www.medicalis.ch\/it\/?s={search_term_string}\"},\"query-input\":{\"@type\":\"PropertyValueSpecification\",\"valueRequired\":true,\"valueName\":\"search_term_string\"}}],\"inLanguage\":\"it-IT\"},{\"@type\":\"Organization\",\"@id\":\"https:\/\/www.medicalis.ch\/it\/#organization\",\"name\":\"Medicalis\",\"url\":\"https:\/\/www.medicalis.ch\/it\/\",\"logo\":{\"@type\":\"ImageObject\",\"inLanguage\":\"it-IT\",\"@id\":\"https:\/\/www.medicalis.ch\/it\/#\/schema\/logo\/image\/\",\"url\":\"https:\/\/www.medicalis.ch\/wp-content\/uploads\/2022\/12\/Medicalis_logotype_RVB_217x68.png\",\"contentUrl\":\"https:\/\/www.medicalis.ch\/wp-content\/uploads\/2022\/12\/Medicalis_logotype_RVB_217x68.png\",\"width\":217,\"height\":68,\"caption\":\"Medicalis\"},\"image\":{\"@id\":\"https:\/\/www.medicalis.ch\/it\/#\/schema\/logo\/image\/\"},\"sameAs\":[\"https:\/\/www.facebook.com\/Medicalis-1737325559702106\/\",\"https:\/\/www.linkedin.com\/company\/19057976\/\"]}]}<\/script>\n<!-- \/ Yoast SEO plugin. -->","yoast_head_json":{"title":"La ricerca di lavoro: i nostri consigli per trovare il lavoro perfetto - Medicalis","description":"La ricerca di un lavoro pu\u00f2 essere un esercizio che intimidisce molto. Oggigiorno la domanda \u00e8 molto forte, per questo \u00e8 necessario riuscire a distinguersi tra le centinaia di altri candidati disponibili sul mercato. Per avere il massimo di probabilit\u00e0 di farcela in questo periodo a volte complicato, ecco alcuni punti importanti da rispettare per ottimizzare la ricerca e magari trovare il lavoro dei vostri sogni.","robots":{"index":"index","follow":"follow","max-snippet":"max-snippet:-1","max-image-preview":"max-image-preview:large","max-video-preview":"max-video-preview:-1"},"canonical":"https:\/\/www.interiman-group.ch\/it\/la-ricerca-di-lavoro\/","og_locale":"it_IT","og_type":"article","og_title":"La ricerca di lavoro: i nostri consigli per trovare il lavoro perfetto - Medicalis","og_description":"La ricerca di un lavoro pu\u00f2 essere un esercizio che intimidisce molto. Oggigiorno la domanda \u00e8 molto forte, per questo \u00e8 necessario riuscire a distinguersi tra le centinaia di altri candidati disponibili sul mercato. Per avere il massimo di probabilit\u00e0 di farcela in questo periodo a volte complicato, ecco alcuni punti importanti da rispettare per ottimizzare la ricerca e magari trovare il lavoro dei vostri sogni.","og_url":"https:\/\/www.interiman-group.ch\/it\/la-ricerca-di-lavoro\/","og_site_name":"Medicalis","article_publisher":"https:\/\/www.facebook.com\/Medicalis-1737325559702106\/","article_modified_time":"2023-03-01T08:55:34+00:00","og_image":[{"width":520,"height":270,"url":"https:\/\/www.medicalis.ch\/wp-content\/uploads\/2022\/06\/MEDICALIS_Logo_CMJN.jpg","type":"image\/jpeg"}],"twitter_card":"summary_large_image","twitter_misc":{"Tempo di lettura stimato":"1 minuto"},"schema":{"@context":"https:\/\/schema.org","@graph":[{"@type":"WebPage","@id":"https:\/\/www.medicalis.ch\/it\/la-ricerca-di-lavoro\/","url":"https:\/\/www.interiman-group.ch\/it\/la-ricerca-di-lavoro\/","name":"La ricerca di lavoro: i nostri consigli per trovare il lavoro perfetto - Medicalis","isPartOf":{"@id":"https:\/\/www.medicalis.ch\/it\/#website"},"datePublished":"2023-03-01T07:50:29+00:00","dateModified":"2023-03-01T08:55:34+00:00","description":"La ricerca di un lavoro pu\u00f2 essere un esercizio che intimidisce molto. Oggigiorno la domanda \u00e8 molto forte, per questo \u00e8 necessario riuscire a distinguersi tra le centinaia di altri candidati disponibili sul mercato. Per avere il massimo di probabilit\u00e0 di farcela in questo periodo a volte complicato, ecco alcuni punti importanti da rispettare per ottimizzare la ricerca e magari trovare il lavoro dei vostri sogni.","breadcrumb":{"@id":"https:\/\/www.interiman-group.ch\/it\/la-ricerca-di-lavoro\/#breadcrumb"},"inLanguage":"it-IT","potentialAction":[{"@type":"ReadAction","target":["https:\/\/www.interiman-group.ch\/it\/la-ricerca-di-lavoro\/"]}]},{"@type":"BreadcrumbList","@id":"https:\/\/www.interiman-group.ch\/it\/la-ricerca-di-lavoro\/#breadcrumb","itemListElement":[{"@type":"ListItem","position":1,"name":"Accueil","item":"https:\/\/www.medicalis.ch\/it\/"},{"@type":"ListItem","position":2,"name":"La ricerca di lavoro: i nostri consigli per trovare il lavoro perfetto"}]},{"@type":"WebSite","@id":"https:\/\/www.medicalis.ch\/it\/#website","url":"https:\/\/www.medicalis.ch\/it\/","name":"Medicalis","description":"","publisher":{"@id":"https:\/\/www.medicalis.ch\/it\/#organization"},"potentialAction":[{"@type":"SearchAction","target":{"@type":"EntryPoint","urlTemplate":"https:\/\/www.medicalis.ch\/it\/?s={search_term_string}"},"query-input":{"@type":"PropertyValueSpecification","valueRequired":true,"valueName":"search_term_string"}}],"inLanguage":"it-IT"},{"@type":"Organization","@id":"https:\/\/www.medicalis.ch\/it\/#organization","name":"Medicalis","url":"https:\/\/www.medicalis.ch\/it\/","logo":{"@type":"ImageObject","inLanguage":"it-IT","@id":"https:\/\/www.medicalis.ch\/it\/#\/schema\/logo\/image\/","url":"https:\/\/www.medicalis.ch\/wp-content\/uploads\/2022\/12\/Medicalis_logotype_RVB_217x68.png","contentUrl":"https:\/\/www.medicalis.ch\/wp-content\/uploads\/2022\/12\/Medicalis_logotype_RVB_217x68.png","width":217,"height":68,"caption":"Medicalis"},"image":{"@id":"https:\/\/www.medicalis.ch\/it\/#\/schema\/logo\/image\/"},"sameAs":["https:\/\/www.facebook.com\/Medicalis-1737325559702106\/","https:\/\/www.linkedin.com\/company\/19057976\/"]}]}},"_links":{"self":[{"href":"https:\/\/www.medicalis.ch\/it\/wp-json\/wp\/v2\/pages\/1267369","targetHints":{"allow":["GET"]}}],"collection":[{"href":"https:\/\/www.medicalis.ch\/it\/wp-json\/wp\/v2\/pages"}],"about":[{"href":"https:\/\/www.medicalis.ch\/it\/wp-json\/wp\/v2\/types\/page"}],"author":[{"embeddable":true,"href":"https:\/\/www.medicalis.ch\/it\/wp-json\/wp\/v2\/users\/3"}],"replies":[{"embeddable":true,"href":"https:\/\/www.medicalis.ch\/it\/wp-json\/wp\/v2\/comments?post=1267369"}],"version-history":[{"count":1,"href":"https:\/\/www.medicalis.ch\/it\/wp-json\/wp\/v2\/pages\/1267369\/revisions"}],"predecessor-version":[{"id":1267370,"href":"https:\/\/www.medicalis.ch\/it\/wp-json\/wp\/v2\/pages\/1267369\/revisions\/1267370"}],"wp:attachment":[{"href":"https:\/\/www.medicalis.ch\/it\/wp-json\/wp\/v2\/media?parent=1267369"}],"curies":[{"name":"wp","href":"https:\/\/api.w.org\/{rel}","templated":true}]}}